{"id":7548,"date":"2026-02-19T15:44:26","date_gmt":"2026-02-19T15:44:26","guid":{"rendered":"https:\/\/previntegral.com\/producto\/seguretat-en-lus-de-la-pala-carregadora\/"},"modified":"2026-03-16T18:32:35","modified_gmt":"2026-03-16T18:32:35","slug":"luz-de-seguridad-de-la-pala-de-la-cargadora","status":"publish","type":"product","link":"https:\/\/previntegral.com\/es\/producto\/seguretat-en-lus-de-la-pala-carregadora\/","title":{"rendered":"Seguridad en el uso de la pala cargadora"},"content":{"rendered":"<p>El curso de seguridad para palas cargadoras, dise\u00f1ado para los <strong>Sector agr\u00edcola y ganadero<\/strong>, ofrece la formaci\u00f3n preventiva necesaria para trabajar con garant\u00edas de conformidad con la <strong>Ley 31\/95<\/strong> (art\u00edculo 19) y el <strong>RD 1215\/97<\/strong> (art. 5). En <strong>Modo presencial<\/strong> i <strong>te\u00f3rico-pr\u00e1ctico<\/strong>, tiene una duraci\u00f3n de <strong>6 horas<\/strong> y se puede transmitir <strong>En la empresa<\/strong> en tu lugar de trabajo (no disponible en l\u00ednea). Abarca el <strong>Comprobaciones previas a la puesta en marcha<\/strong>, el arranque seguro, el <strong>Maniobras de carga y descarga<\/strong>, la estabilidad del veh\u00edculo, la conducci\u00f3n en <strong>Terreno irregular y pendientes<\/strong>, la circulaci\u00f3n en zonas donde hay personas, animales y otros equipos, y el manejo de los utensilios (esp\u00e1tulas, pinzas, tenedores). El uso adecuado de\u2019<strong>\u00cdndice de protecci\u00f3n equivalente<\/strong> (calzado de seguridad, casco, protecci\u00f3n auditiva y ocular, chaleco de alta visibilidad) y conocimientos sobre el <strong>dispositivos de seguridad<\/strong> (se\u00f1alizaci\u00f3n, alarmas, espejos\/c\u00e1maras, parada de emergencia). Ideal tanto para nuevos empleados como para cursos de actualizaci\u00f3n, el curso ayuda a identificar <strong>riesgos<\/strong> propias de las explotaciones agr\u00edcolas y ganaderas (polvo, ruido, vibraciones, visibilidad reducida) y aplicar <strong>buenas pr\u00e1cticas<\/strong> que minimizan los incidentes y mejoran la eficiencia.<\/p>","protected":false},"excerpt":{"rendered":"<p>El curs Seguretat en l\u2019\u00fas de la pala carregadora, pensat per al sector agr\u00edcola i ramader, proporciona la formaci\u00f3 preventiva necess\u00e0ria per treballar amb garanties segons la Llei 31\/95 (art. 19) i el RD 1215\/97 (art. 5). En modalitat presencial i teoricopr\u00e0ctica, t\u00e9 una durada de 6 hores i pot impartir-se In Company al vostre [&hellip;]<\/p>\n","protected":false},"featured_media":7550,"comment_status":"open","ping_status":"closed","template":"","meta":{"_acf_changed":false},"product_brand":[],"product_cat":[68],"product_tag":[],"class_list":{"0":"post-7548","1":"product","2":"type-product","3":"status-publish","4":"has-post-thumbnail","6":"product_cat-agricola-i-ramader","8":"first","9":"instock","10":"virtual","11":"taxable","12":"purchasable","13":"product-type-curso"},"acf":[],"precio_regular_curso":248.05,"precio_bonificado_curso":266.2,"_links":{"self":[{"href":"https:\/\/previntegral.com\/es\/wp-json\/wp\/v2\/product\/7548","targetHints":{"allow":["GET"]}}],"collection":[{"href":"https:\/\/previntegral.com\/es\/wp-json\/wp\/v2\/product"}],"about":[{"href":"https:\/\/previntegral.com\/es\/wp-json\/wp\/v2\/types\/product"}],"replies":[{"embeddable":true,"href":"https:\/\/previntegral.com\/es\/wp-json\/wp\/v2\/comments?post=7548"}],"wp:featuredmedia":[{"embeddable":true,"href":"https:\/\/previntegral.com\/es\/wp-json\/wp\/v2\/media\/7550"}],"wp:attachment":[{"href":"https:\/\/previntegral.com\/es\/wp-json\/wp\/v2\/media?parent=7548"}],"wp:term":[{"taxonomy":"product_brand","embeddable":true,"href":"https:\/\/previntegral.com\/es\/wp-json\/wp\/v2\/product_brand?post=7548"},{"taxonomy":"product_cat","embeddable":true,"href":"https:\/\/previntegral.com\/es\/wp-json\/wp\/v2\/product_cat?post=7548"},{"taxonomy":"product_tag","embeddable":true,"href":"https:\/\/previntegral.com\/es\/wp-json\/wp\/v2\/product_tag?post=7548"}],"curies":[{"name":"WordPress","href":"https:\/\/api.w.org\/{rel}","templated":true}]}}