{"id":7551,"date":"2026-02-19T15:45:17","date_gmt":"2026-02-19T15:45:17","guid":{"rendered":"https:\/\/previntegral.com\/producto\/curs-de-seguretat-en-lus-de-camio-ploma\/"},"modified":"2026-03-16T18:32:35","modified_gmt":"2026-03-16T18:32:35","slug":"curso-de-seguridad-sobre-el-manejo-de-una-grua-movil","status":"publish","type":"product","link":"https:\/\/previntegral.com\/es\/producto\/curs-de-seguretat-en-lus-de-camio-ploma\/","title":{"rendered":"Curso de seguridad para el uso de una plataforma elevadora"},"content":{"rendered":"<p>El curso de seguridad para plataformas de trabajo de m\u00e1stil ofrece a los profesionales del sector <strong>maquinaria<\/strong> la formaci\u00f3n preventiva indispensable necesaria para trabajar con garant\u00edas. De conformidad con la\u2019<strong>Art\u00edculo 19 de la Ley 31\/1995<\/strong> y el\u2019<strong>Art\u00edculo 5 del Real Decreto 1215\/1997<\/strong>, aborda tanto los requisitos legales como las mejores pr\u00e1cticas en <strong>inspecci\u00f3n preoperatoria<\/strong>, estabilidad del veh\u00edculo, lectura de <strong>diagramas de carga<\/strong>, elecci\u00f3n y control de la <strong>elementos de amarre<\/strong>, se\u00f1alizaci\u00f3n y uso de\u2019<strong>\u00cdndice de protecci\u00f3n equivalente<\/strong>. La formaci\u00f3n es <strong>presencial<\/strong>, con la metodolog\u00eda <strong>te\u00f3rico-pr\u00e1ctico<\/strong> y la posibilidad de una versi\u00f3n modal <strong>En la empresa<\/strong> en las instalaciones de la empresa. La duraci\u00f3n habitual es de <strong>Ocho horas<\/strong> (adaptable a las necesidades), durante el cual se llevan a cabo maniobras seguras por control remoto, la puesta en marcha, la instalaci\u00f3n de soportes y cu\u00f1as, la gesti\u00f3n del viento y los obst\u00e1culos, y los protocolos de\u2019<strong>emergencia<\/strong> y la respuesta ante incidentes. Dirigido a los trabajadores que utilizan camiones gr\u00faa en operaciones de carga y descarga, el curso ayuda a reducir los riesgos, mejorar la eficiencia y cumplir con la normativa vigente. A <strong>reciclaje<\/strong> cada 4 a\u00f1os (4 horas) para mantener las competencias al d\u00eda.<\/p>","protected":false},"excerpt":{"rendered":"<p>El Curs de seguretat en l\u2019\u00fas de cami\u00f3 ploma proporciona als professionals del sector de la maquin\u00e0ria la formaci\u00f3 preventiva imprescindible per operar amb garanties. D\u2019acord amb l\u2019article 19 de la Llei 31\/1995 i l\u2019article 5 del RD 1215\/1997, aborda tant els requisits legals com les bones pr\u00e0ctiques en inspecci\u00f3 preoperacional, estabilitat del vehicle, lectura [&hellip;]<\/p>\n","protected":false},"featured_media":7555,"comment_status":"open","ping_status":"closed","template":"","meta":{"_acf_changed":false},"product_brand":[],"product_cat":[53],"product_tag":[],"class_list":{"0":"post-7551","1":"product","2":"type-product","3":"status-publish","4":"has-post-thumbnail","6":"product_cat-maquinaria","8":"first","9":"instock","10":"virtual","11":"taxable","12":"purchasable","13":"product-type-curso"},"acf":[],"precio_regular_curso":278.3,"precio_bonificado_curso":292.82,"_links":{"self":[{"href":"https:\/\/previntegral.com\/es\/wp-json\/wp\/v2\/product\/7551","targetHints":{"allow":["GET"]}}],"collection":[{"href":"https:\/\/previntegral.com\/es\/wp-json\/wp\/v2\/product"}],"about":[{"href":"https:\/\/previntegral.com\/es\/wp-json\/wp\/v2\/types\/product"}],"replies":[{"embeddable":true,"href":"https:\/\/previntegral.com\/es\/wp-json\/wp\/v2\/comments?post=7551"}],"wp:featuredmedia":[{"embeddable":true,"href":"https:\/\/previntegral.com\/es\/wp-json\/wp\/v2\/media\/7555"}],"wp:attachment":[{"href":"https:\/\/previntegral.com\/es\/wp-json\/wp\/v2\/media?parent=7551"}],"wp:term":[{"taxonomy":"product_brand","embeddable":true,"href":"https:\/\/previntegral.com\/es\/wp-json\/wp\/v2\/product_brand?post=7551"},{"taxonomy":"product_cat","embeddable":true,"href":"https:\/\/previntegral.com\/es\/wp-json\/wp\/v2\/product_cat?post=7551"},{"taxonomy":"product_tag","embeddable":true,"href":"https:\/\/previntegral.com\/es\/wp-json\/wp\/v2\/product_tag?post=7551"}],"curies":[{"name":"WordPress","href":"https:\/\/api.w.org\/{rel}","templated":true}]}}