{"id":7552,"date":"2026-02-19T15:45:18","date_gmt":"2026-02-19T15:45:18","guid":{"rendered":"https:\/\/previntegral.com\/producto\/seguretat-en-lus-del-tractor\/"},"modified":"2026-03-16T18:32:35","modified_gmt":"2026-03-16T18:32:35","slug":"seguridad-de-las-luces-de-los-tractores","status":"publish","type":"product","link":"https:\/\/previntegral.com\/es\/producto\/seguretat-en-lus-del-tractor\/","title":{"rendered":"Seguridad en el uso del tractor"},"content":{"rendered":"<p>Este curso de 6 horas, 100% <strong>presencial<\/strong> y el car\u00e1cter <strong>te\u00f3rico-pr\u00e1ctico<\/strong>, destinado a la aprobaci\u00f3n del <strong>Sector agr\u00edcola y ganadero<\/strong>, ofrece una formaci\u00f3n esencial para manejar tractores de forma segura y responsable. El programa se ajusta a lo dispuesto en la Ley 31\/1995 (art. 19) y el Real Decreto 1215\/1997, y combina explicaciones claras con ejercicios pr\u00e1cticos sobre listas de comprobaci\u00f3n previas a la puesta en marcha, maniobras en pendientes, conducci\u00f3n y trabajo con remolques. Los alumnos aprender\u00e1n a utilizar correctamente el <strong>\u00cdndice de protecci\u00f3n equivalente<\/strong>, para identificar riesgos como vuelcos, atrapamientos o enredos en el <strong>central el\u00e9ctrica<\/strong>, as\u00ed como para reconocer y verificar el <strong>dispositivos de seguridad<\/strong> (ROPS, cinturones de seguridad, protecciones, se\u00f1alizaci\u00f3n). Tambi\u00e9n se tratan los procedimientos de seguridad.\u2019<strong>Acoplamiento de accesorios<\/strong> y el orden y la limpieza del entorno de trabajo. La formaci\u00f3n se imparte en un formato est\u00e1ndar o <strong>En la empresa<\/strong>, Adaptar los ejemplos y ejercicios a la maquinaria y las tareas de cada explotaci\u00f3n agr\u00edcola. Ideal para los nuevos empleados y para los profesionales que deseen reforzar las buenas pr\u00e1cticas y corregir los h\u00e1bitos peligrosos.<\/p>","protected":false},"excerpt":{"rendered":"<p>Aquest curs de 6 hores, 100% presencial i de car\u00e0cter teoricopr\u00e0ctic, pensat per al conveni del sector agr\u00edcola i ramader, proporciona formaci\u00f3 essencial per operar tractors amb seguretat i criteri. El programa s\u2019alinea amb el que estableixen la Llei 31\/1995 (art. 19) i el RD 1215\/1997, i combina explicacions clares amb pr\u00e0ctiques reals sobre check-list [&hellip;]<\/p>\n","protected":false},"featured_media":7556,"comment_status":"open","ping_status":"closed","template":"","meta":{"_acf_changed":false},"product_brand":[],"product_cat":[68],"product_tag":[],"class_list":{"0":"post-7552","1":"product","2":"type-product","3":"status-publish","4":"has-post-thumbnail","6":"product_cat-agricola-i-ramader","8":"first","9":"instock","10":"virtual","11":"taxable","12":"purchasable","13":"product-type-curso"},"acf":[],"precio_regular_curso":248.05,"precio_bonificado_curso":266.2,"_links":{"self":[{"href":"https:\/\/previntegral.com\/es\/wp-json\/wp\/v2\/product\/7552","targetHints":{"allow":["GET"]}}],"collection":[{"href":"https:\/\/previntegral.com\/es\/wp-json\/wp\/v2\/product"}],"about":[{"href":"https:\/\/previntegral.com\/es\/wp-json\/wp\/v2\/types\/product"}],"replies":[{"embeddable":true,"href":"https:\/\/previntegral.com\/es\/wp-json\/wp\/v2\/comments?post=7552"}],"wp:featuredmedia":[{"embeddable":true,"href":"https:\/\/previntegral.com\/es\/wp-json\/wp\/v2\/media\/7556"}],"wp:attachment":[{"href":"https:\/\/previntegral.com\/es\/wp-json\/wp\/v2\/media?parent=7552"}],"wp:term":[{"taxonomy":"product_brand","embeddable":true,"href":"https:\/\/previntegral.com\/es\/wp-json\/wp\/v2\/product_brand?post=7552"},{"taxonomy":"product_cat","embeddable":true,"href":"https:\/\/previntegral.com\/es\/wp-json\/wp\/v2\/product_cat?post=7552"},{"taxonomy":"product_tag","embeddable":true,"href":"https:\/\/previntegral.com\/es\/wp-json\/wp\/v2\/product_tag?post=7552"}],"curies":[{"name":"WordPress","href":"https:\/\/api.w.org\/{rel}","templated":true}]}}