{"id":7557,"date":"2026-02-19T15:46:29","date_gmt":"2026-02-19T15:46:29","guid":{"rendered":"https:\/\/previntegral.com\/producto\/installador-de-finestres-i-vidres\/"},"modified":"2026-03-16T18:32:35","modified_gmt":"2026-03-16T18:32:35","slug":"instalador-de-ventanas-y-cristales","status":"publish","type":"product","link":"https:\/\/previntegral.com\/es\/producto\/installador-de-finestres-i-vidres\/","title":{"rendered":"Instalador de ventanas y cristales"},"content":{"rendered":"<p>El curso de instalador de ventanas y cristales proporciona la <strong>formaci\u00f3n en prevenci\u00f3n de riesgos laborales<\/strong> requerido por el <strong>Ley 32\/2006<\/strong> para trabajar en obras de construcci\u00f3n dentro del sector del vidrio y la se\u00f1alizaci\u00f3n. Dise\u00f1ado de acuerdo con el convenio colectivo para el <strong>industrias extractivas, del vidrio y la cer\u00e1mica<\/strong> y el comercio exclusivo de estos materiales permite realizar tareas de <strong>Montaje de vallas<\/strong>, toma de medidas, corte y manipulaci\u00f3n segura del vidrio, uso de ventosas y sistemas de elevaci\u00f3n, as\u00ed como t\u00e9cnicas de <strong>Sellado y anclaje<\/strong> y planificar la lectura. Con una duraci\u00f3n de <strong>20 horas<\/strong> en modal <strong>presencial<\/strong>, combina contenidos t\u00e9cnicos con pr\u00e1cticas destinadas a minimizar los riesgos derivados de cortes, ca\u00eddas desde altura y manejo de equipos, incluyendo el uso adecuado de\u2019<strong>\u00cdndice de protecci\u00f3n equivalente<\/strong> y la coordinaci\u00f3n de las actividades empresariales. Dirigido a instaladores y gestores de equipos que participan en trabajos in situ, lo imparte Previntegral, un centro acreditado por la <strong>FLC (n.\u00ba 0505080031)<\/strong>, y proporciona la formaci\u00f3n v\u00e1lida en el marco de la <strong>TPC<\/strong> del sector.<\/p>","protected":false},"excerpt":{"rendered":"<p>El curs d\u2019Instal\u00b7lador de finestres i vidres proporciona la formaci\u00f3 en prevenci\u00f3 de riscos laborals exigida per la Llei 32\/2006 per treballar en obres de construcci\u00f3 dins del sector del vidre i la retolaci\u00f3. Dissenyat d\u2019acord amb el conveni col\u00b7lectiu per a les ind\u00fastries extractives, de vidre i cer\u00e0miques i el comer\u00e7 exclusivista d\u2019aquests materials, [&hellip;]<\/p>\n","protected":false},"featured_media":7560,"comment_status":"open","ping_status":"closed","template":"","meta":{"_acf_changed":false},"product_brand":[],"product_cat":[40],"product_tag":[],"class_list":{"0":"post-7557","1":"product","2":"type-product","3":"status-publish","4":"has-post-thumbnail","6":"product_cat-vidre-i-retolacio","8":"first","9":"instock","10":"virtual","11":"taxable","12":"purchasable","13":"product-type-curso"},"acf":[],"precio_regular_curso":340.01,"precio_bonificado_curso":358.16,"_links":{"self":[{"href":"https:\/\/previntegral.com\/es\/wp-json\/wp\/v2\/product\/7557","targetHints":{"allow":["GET"]}}],"collection":[{"href":"https:\/\/previntegral.com\/es\/wp-json\/wp\/v2\/product"}],"about":[{"href":"https:\/\/previntegral.com\/es\/wp-json\/wp\/v2\/types\/product"}],"replies":[{"embeddable":true,"href":"https:\/\/previntegral.com\/es\/wp-json\/wp\/v2\/comments?post=7557"}],"wp:featuredmedia":[{"embeddable":true,"href":"https:\/\/previntegral.com\/es\/wp-json\/wp\/v2\/media\/7560"}],"wp:attachment":[{"href":"https:\/\/previntegral.com\/es\/wp-json\/wp\/v2\/media?parent=7557"}],"wp:term":[{"taxonomy":"product_brand","embeddable":true,"href":"https:\/\/previntegral.com\/es\/wp-json\/wp\/v2\/product_brand?post=7557"},{"taxonomy":"product_cat","embeddable":true,"href":"https:\/\/previntegral.com\/es\/wp-json\/wp\/v2\/product_cat?post=7557"},{"taxonomy":"product_tag","embeddable":true,"href":"https:\/\/previntegral.com\/es\/wp-json\/wp\/v2\/product_tag?post=7557"}],"curies":[{"name":"WordPress","href":"https:\/\/api.w.org\/{rel}","templated":true}]}}