{"id":7559,"date":"2026-02-19T15:46:33","date_gmt":"2026-02-19T15:46:33","guid":{"rendered":"https:\/\/previntegral.com\/producto\/especialitat-en-muntador-destructures-de-fusta\/"},"modified":"2026-03-16T18:32:35","modified_gmt":"2026-03-16T18:32:35","slug":"especializados-en-el-montaje-de-estructuras-de-madera","status":"publish","type":"product","link":"https:\/\/previntegral.com\/es\/producto\/especialitat-en-muntador-destructures-de-fusta\/","title":{"rendered":"Especialista en montaje de estructuras de madera"},"content":{"rendered":"<p>Este curso de <strong>Construtor de estructuras de madera<\/strong>, en relaci\u00f3n con el acuerdo de <strong>Madera y mueble<\/strong>, te ayuda a acreditar el <strong>Prevenci\u00f3n de Riesgos Laborales (PRL)<\/strong> requerido por el <strong>Ley 32\/2006<\/strong> y por el Acuerdo sobre la regulaci\u00f3n de la <strong>Tarjeta de construcci\u00f3n profesional (TPC)<\/strong> del sector. Dise\u00f1ado para el personal de producci\u00f3n que participa en las producciones, aborda de manera pr\u00e1ctica los riesgos espec\u00edficos del montaje esc\u00e9nico: trabajo en altura, andamios y anclajes, manipulaci\u00f3n de cargas, uso de\u2026\u2019<strong>\u00cdndice de protecci\u00f3n equivalente<\/strong> y las medidas de seguridad colectivas, las herramientas de corte y sujeci\u00f3n, el orden y la limpieza, la se\u00f1alizaci\u00f3n y los protocolos de emergencia. La formaci\u00f3n tiene una duraci\u00f3n de <strong>6 horas<\/strong> y se lleva a cabo exclusivamente en <strong>Modo presencial<\/strong> para garantizar la realizaci\u00f3n de ejercicios guiados y situaciones de montaje seguras en la vida real. La imparte Previntegral, un centro acreditado por la <strong>Comisionado Federal de Tierras<\/strong> (n.\u00ba 0505080031) y es v\u00e1lido para el TPC en el sector de la madera y el mueble. Una vez completado, ser\u00e1s capaz de identificar riesgos, aplicar medidas preventivas y actuar con criterio profesional en el lugar de trabajo.<\/p>","protected":false},"excerpt":{"rendered":"<p>Aquest curs de Muntador d\u2019estructures de fusta, vinculat al conveni de Fusta i moble, t\u2019ajuda a acreditar la Prevenci\u00f3 de Riscos Laborals (PRL) exigida per la Llei 32\/2006 i per l\u2019Acord sobre el Reglament de la Targeta Professional de la Construcci\u00f3 (TPC) del sector. Pensat per a personal de producci\u00f3 que interv\u00e9 en obres, aborda [&hellip;]<\/p>\n","protected":false},"featured_media":7562,"comment_status":"open","ping_status":"closed","template":"","meta":{"_acf_changed":false},"product_brand":[],"product_cat":[42],"product_tag":[],"class_list":{"0":"post-7559","1":"product","2":"type-product","3":"status-publish","4":"has-post-thumbnail","6":"product_cat-fusta-i-moble","8":"first","9":"instock","10":"virtual","11":"taxable","12":"purchasable","13":"product-type-curso"},"acf":[],"precio_regular_curso":150.04,"precio_bonificado_curso":157.3,"_links":{"self":[{"href":"https:\/\/previntegral.com\/es\/wp-json\/wp\/v2\/product\/7559","targetHints":{"allow":["GET"]}}],"collection":[{"href":"https:\/\/previntegral.com\/es\/wp-json\/wp\/v2\/product"}],"about":[{"href":"https:\/\/previntegral.com\/es\/wp-json\/wp\/v2\/types\/product"}],"replies":[{"embeddable":true,"href":"https:\/\/previntegral.com\/es\/wp-json\/wp\/v2\/comments?post=7559"}],"wp:featuredmedia":[{"embeddable":true,"href":"https:\/\/previntegral.com\/es\/wp-json\/wp\/v2\/media\/7562"}],"wp:attachment":[{"href":"https:\/\/previntegral.com\/es\/wp-json\/wp\/v2\/media?parent=7559"}],"wp:term":[{"taxonomy":"product_brand","embeddable":true,"href":"https:\/\/previntegral.com\/es\/wp-json\/wp\/v2\/product_brand?post=7559"},{"taxonomy":"product_cat","embeddable":true,"href":"https:\/\/previntegral.com\/es\/wp-json\/wp\/v2\/product_cat?post=7559"},{"taxonomy":"product_tag","embeddable":true,"href":"https:\/\/previntegral.com\/es\/wp-json\/wp\/v2\/product_tag?post=7559"}],"curies":[{"name":"WordPress","href":"https:\/\/api.w.org\/{rel}","templated":true}]}}