{"id":7566,"date":"2026-02-19T15:46:58","date_gmt":"2026-02-19T15:46:58","guid":{"rendered":"https:\/\/previntegral.com\/producto\/seguretat-en-lus-de-la-retroexcavadora\/"},"modified":"2026-03-16T18:32:35","modified_gmt":"2026-03-16T18:32:35","slug":"seguridad-en-la-iluminacion-de-las-retroexcavadoras","status":"publish","type":"product","link":"https:\/\/previntegral.com\/es\/producto\/seguretat-en-lus-de-la-retroexcavadora\/","title":{"rendered":"Seguridad en el uso de la retroexcavadora"},"content":{"rendered":"<p>El curso \u201cSeguridad en el uso de retroexcavadoras\u201d ofrece a los profesionales <strong>Sector agr\u00edcola y ganadero<\/strong> un curso de formaci\u00f3n <strong>te\u00f3rico-pr\u00e1ctico<\/strong> dise\u00f1ado para garantizar el funcionamiento de la m\u00e1quina con el m\u00e1ximo nivel de protecci\u00f3n. En <strong>Modo presencial<\/strong> (con la opci\u00f3n \u00abEn la empresa\u00bb) y una duraci\u00f3n de <strong>6 horas<\/strong>, combina contenido normativo \u2014<strong>Ley 31\/1995 (art. 19) y Real Decreto 1215\/1997 (art. 5)<\/strong>\u2014 con procedimientos de seguridad adaptados a terrenos irregulares. Los participantes aprenden a realizar comprobaciones previas al uso del equipo, a identificar <strong>Riesgos medioambientales<\/strong> (personas, animales, instalaciones subterr\u00e1neas, pendientes), para utilizar correctamente el <strong>\u00cdndice de protecci\u00f3n equivalente<\/strong> y realizar maniobras seguras con los accesorios. Se\u00f1alizaci\u00f3n, estabilizaci\u00f3n, gesti\u00f3n de la carga, la <strong>dispositivos de seguridad<\/strong> y buenas pr\u00e1cticas de mantenimiento. Dise\u00f1ado para el personal reci\u00e9n contratado y los profesionales que deseen reforzar sus h\u00e1bitos y corregir posibles desviaciones, el curso proporciona las habilidades necesarias para reducir los incidentes y garantizar el cumplimiento de la normativa al utilizar la retroexcavadora en explotaciones agr\u00edcolas y ganaderas.<\/p>","protected":false},"excerpt":{"rendered":"<p>El curs \u201cSeguretat en l\u2019\u00fas de la retroexcavadora\u201d proporciona als professionals del sector agrari i ramader una formaci\u00f3 teoricopr\u00e0ctica orientada a operar la m\u00e0quina amb el m\u00e0xim nivell de protecci\u00f3. En modalitat presencial (amb opci\u00f3 In Company) i una durada de 6 hores, combina continguts normatius \u2014Llei 31\/1995 (art. 19) i RD 1215\/1997 (art. 5)\u2014 [&hellip;]<\/p>\n","protected":false},"featured_media":7568,"comment_status":"open","ping_status":"closed","template":"","meta":{"_acf_changed":false},"product_brand":[],"product_cat":[68],"product_tag":[],"class_list":{"0":"post-7566","1":"product","2":"type-product","3":"status-publish","4":"has-post-thumbnail","6":"product_cat-agricola-i-ramader","8":"first","9":"instock","10":"virtual","11":"taxable","12":"purchasable","13":"product-type-curso"},"acf":[],"precio_regular_curso":248.05,"precio_bonificado_curso":266.2,"_links":{"self":[{"href":"https:\/\/previntegral.com\/es\/wp-json\/wp\/v2\/product\/7566","targetHints":{"allow":["GET"]}}],"collection":[{"href":"https:\/\/previntegral.com\/es\/wp-json\/wp\/v2\/product"}],"about":[{"href":"https:\/\/previntegral.com\/es\/wp-json\/wp\/v2\/types\/product"}],"replies":[{"embeddable":true,"href":"https:\/\/previntegral.com\/es\/wp-json\/wp\/v2\/comments?post=7566"}],"wp:featuredmedia":[{"embeddable":true,"href":"https:\/\/previntegral.com\/es\/wp-json\/wp\/v2\/media\/7568"}],"wp:attachment":[{"href":"https:\/\/previntegral.com\/es\/wp-json\/wp\/v2\/media?parent=7566"}],"wp:term":[{"taxonomy":"product_brand","embeddable":true,"href":"https:\/\/previntegral.com\/es\/wp-json\/wp\/v2\/product_brand?post=7566"},{"taxonomy":"product_cat","embeddable":true,"href":"https:\/\/previntegral.com\/es\/wp-json\/wp\/v2\/product_cat?post=7566"},{"taxonomy":"product_tag","embeddable":true,"href":"https:\/\/previntegral.com\/es\/wp-json\/wp\/v2\/product_tag?post=7566"}],"curies":[{"name":"WordPress","href":"https:\/\/api.w.org\/{rel}","templated":true}]}}