{"id":7575,"date":"2026-02-19T15:48:32","date_gmt":"2026-02-19T15:48:32","guid":{"rendered":"https:\/\/previntegral.com\/producto\/primers-auxilis-en-equips-de-emergencia\/"},"modified":"2026-03-16T18:32:35","modified_gmt":"2026-03-16T18:32:35","slug":"equipo-de-primeros-auxilios","status":"publish","type":"product","link":"https:\/\/previntegral.com\/es\/producto\/primers-auxilis-en-equips-de-emergencia\/","title":{"rendered":"Primeros auxilios en equipos de emergencia"},"content":{"rendered":"<p>El curso de <strong>Primeros auxilios en equipos de emergencia<\/strong> Est\u00e1 destinado a los trabajadores de la construcci\u00f3n que act\u00faan como primeros intervinientes. En <strong>Modo presencial<\/strong> y con una duraci\u00f3n de <strong>4 horas<\/strong>, Ofrece formaci\u00f3n pr\u00e1ctica para responder con rapidez y seguridad ante incidentes habituales en la construcci\u00f3n: ca\u00eddas, golpes, atrapamientos, hemorragias, quemaduras o inhalaciones. Los participantes aprender\u00e1n a evaluar la situaci\u00f3n y al afectado, a llamar al 112 y a aplicar maniobras b\u00e1sicas de reanimaci\u00f3n. <strong>RCP<\/strong> y el uso de <strong>Administraci\u00f3n para el Control de Drogas<\/strong>, control de hemorragias, inmovilizaci\u00f3n, posici\u00f3n de seguridad y tratamiento de la <strong>Equipo de emergencia<\/strong> de la obra. El programa integra <strong>Protocolos de alarma y coordinaci\u00f3n<\/strong> con equipos internos y servicios externos, as\u00ed como con las directrices de comunicaci\u00f3n y el registro de incidentes. La formaci\u00f3n se ajusta a las <strong>Convenio colectivo para el sector de la construcci\u00f3n<\/strong> y se imparte en un centro acreditado por la <strong>Fundaci\u00f3n Laboral de la Construcci\u00f3n<\/strong>, combinando breves explicaciones con talleres y simulaciones para consolidar <strong>habilidades<\/strong> y reforzar la cultura de la prevenci\u00f3n en el lugar de trabajo.<\/p>","protected":false},"excerpt":{"rendered":"<p>El curs de Primers auxilis en equips d\u2019emerg\u00e8ncia est\u00e0 pensat per a treballadors de l\u2019obra que actuen com a primers intervinents. En modalitat presencial i amb una durada de 4 hores, ofereix una preparaci\u00f3 pr\u00e0ctica per respondre amb rapidesa i seguretat davant incid\u00e8ncies habituals a la construcci\u00f3: caigudes, cops, atrapaments, hemorr\u00e0gies, cremades o inhalacions. Els [&hellip;]<\/p>\n","protected":false},"featured_media":7577,"comment_status":"open","ping_status":"closed","template":"","meta":{"_acf_changed":false},"product_brand":[],"product_cat":[38],"product_tag":[],"class_list":{"0":"post-7575","1":"product","2":"type-product","3":"status-publish","4":"has-post-thumbnail","6":"product_cat-construccio","8":"first","9":"instock","10":"virtual","11":"taxable","12":"purchasable","13":"product-type-curso"},"acf":[],"precio_regular_curso":121,"precio_bonificado_curso":127.05,"_links":{"self":[{"href":"https:\/\/previntegral.com\/es\/wp-json\/wp\/v2\/product\/7575","targetHints":{"allow":["GET"]}}],"collection":[{"href":"https:\/\/previntegral.com\/es\/wp-json\/wp\/v2\/product"}],"about":[{"href":"https:\/\/previntegral.com\/es\/wp-json\/wp\/v2\/types\/product"}],"replies":[{"embeddable":true,"href":"https:\/\/previntegral.com\/es\/wp-json\/wp\/v2\/comments?post=7575"}],"wp:featuredmedia":[{"embeddable":true,"href":"https:\/\/previntegral.com\/es\/wp-json\/wp\/v2\/media\/7577"}],"wp:attachment":[{"href":"https:\/\/previntegral.com\/es\/wp-json\/wp\/v2\/media?parent=7575"}],"wp:term":[{"taxonomy":"product_brand","embeddable":true,"href":"https:\/\/previntegral.com\/es\/wp-json\/wp\/v2\/product_brand?post=7575"},{"taxonomy":"product_cat","embeddable":true,"href":"https:\/\/previntegral.com\/es\/wp-json\/wp\/v2\/product_cat?post=7575"},{"taxonomy":"product_tag","embeddable":true,"href":"https:\/\/previntegral.com\/es\/wp-json\/wp\/v2\/product_tag?post=7575"}],"curies":[{"name":"WordPress","href":"https:\/\/api.w.org\/{rel}","templated":true}]}}