{"id":7578,"date":"2026-02-19T15:49:02","date_gmt":"2026-02-19T15:49:02","guid":{"rendered":"https:\/\/previntegral.com\/producto\/electricitat-muntatge-i-manteniment-dinstallacions-electriques-dalta-i-baixa-tensio\/"},"modified":"2026-03-16T18:32:35","modified_gmt":"2026-03-16T18:32:35","slug":"electricidad-instalacion-mantenimiento-y-montaje-de-instalaciones-electricas-de-alta-y-baja-tension","status":"publish","type":"product","link":"https:\/\/previntegral.com\/es\/producto\/electricitat-muntatge-i-manteniment-dinstallacions-electriques-dalta-i-baixa-tensio\/","title":{"rendered":"Electricidad: instalaci\u00f3n y mantenimiento de sistemas el\u00e9ctricos de alta y baja tensi\u00f3n."},"content":{"rendered":"<p>Formaci\u00f3n <strong>presencial<\/strong> A partir de las 20:00 h, dirigido a profesionales electricistas del sector metal\u00fargico que trabajan en obra. Se trata de la formaci\u00f3n obligatoria para acceder a las obras de construcci\u00f3n seg\u00fan el Convenio Colectivo Estatal de la Industria Metal\u00fargica, Nuevas Tecnolog\u00edas y Servicios. Impartido por Previntegral, centro acreditado por la Fundaci\u00f3n Laboral de la Construcci\u00f3n (FLC) con el n.\u00ba 0505080031. Sigue el esquema del convenio colectivo: 14 horas de teor\u00eda. <strong>principal<\/strong> (PRL, riesgos el\u00e9ctricos en la obra, trabajos en altura, EPI, emergencias) y 6 horas de\u2019<strong>especialidad<\/strong> en instalaciones el\u00e9ctricas de\u2019<strong>Alta y baja tensi\u00f3n<\/strong>Montaje y mantenimiento, maniobras seguras, bloqueo y etiquetado. <strong>Bloqueo\/Etiquetado<\/strong>, trabajo con\/sin tensi\u00f3n, puesta a tierra y comprobaciones de acuerdo con <strong>De nada.<\/strong> y RD 614\/2001. Dirigido a instaladores y mantenedores de metales que trabajan in situ. Recordatorio: la formaci\u00f3n b\u00e1sica LPRL es obligatoria y ciertas tareas (amianto, <strong>Plan m\u00e9dico de emergencia p\u00fablica<\/strong>) requieren cursos adicionales. Certificaci\u00f3n v\u00e1lida en virtud del acuerdo con <strong>renovaci\u00f3n<\/strong> cada 4 a\u00f1os mediante un curso de reciclaje de 4 horas. Modalidad: presencial (no <strong>en l\u00ednea<\/strong>).<\/p>","protected":false},"excerpt":{"rendered":"<p>Formaci\u00f3 presencial de 20 h adre\u00e7ada a professionals de l\u2019electricitat del sector metall que intervenen en obra. \u00c9s la formaci\u00f3 necess\u00e0ria per accedir a centres de treball de construcci\u00f3 d\u2019acord amb el Conveni Col\u00b7lectiu estatal de la Ind\u00fastria, Noves Tecnologies i Serveis del Metall. Impartida per Previntegral, centre homologat per la Fundaci\u00f3 Laboral de la [&hellip;]<\/p>\n","protected":false},"featured_media":7580,"comment_status":"open","ping_status":"closed","template":"","meta":{"_acf_changed":false},"product_brand":[],"product_cat":[52],"product_tag":[],"class_list":{"0":"post-7578","1":"product","2":"type-product","3":"status-publish","4":"has-post-thumbnail","6":"product_cat-metall-obra","8":"first","9":"instock","10":"virtual","11":"taxable","12":"purchasable","13":"product-type-curso"},"acf":[],"precio_regular_curso":340.01,"precio_bonificado_curso":358.16,"_links":{"self":[{"href":"https:\/\/previntegral.com\/es\/wp-json\/wp\/v2\/product\/7578","targetHints":{"allow":["GET"]}}],"collection":[{"href":"https:\/\/previntegral.com\/es\/wp-json\/wp\/v2\/product"}],"about":[{"href":"https:\/\/previntegral.com\/es\/wp-json\/wp\/v2\/types\/product"}],"replies":[{"embeddable":true,"href":"https:\/\/previntegral.com\/es\/wp-json\/wp\/v2\/comments?post=7578"}],"wp:featuredmedia":[{"embeddable":true,"href":"https:\/\/previntegral.com\/es\/wp-json\/wp\/v2\/media\/7580"}],"wp:attachment":[{"href":"https:\/\/previntegral.com\/es\/wp-json\/wp\/v2\/media?parent=7578"}],"wp:term":[{"taxonomy":"product_brand","embeddable":true,"href":"https:\/\/previntegral.com\/es\/wp-json\/wp\/v2\/product_brand?post=7578"},{"taxonomy":"product_cat","embeddable":true,"href":"https:\/\/previntegral.com\/es\/wp-json\/wp\/v2\/product_cat?post=7578"},{"taxonomy":"product_tag","embeddable":true,"href":"https:\/\/previntegral.com\/es\/wp-json\/wp\/v2\/product_tag?post=7578"}],"curies":[{"name":"WordPress","href":"https:\/\/api.w.org\/{rel}","templated":true}]}}