{"id":7581,"date":"2026-02-19T15:49:25","date_gmt":"2026-02-19T15:49:25","guid":{"rendered":"https:\/\/previntegral.com\/producto\/operadors-daparells-elevadors-2\/"},"modified":"2026-03-16T18:32:35","modified_gmt":"2026-03-16T18:32:35","slug":"operadores-de-dos-equipos-de-elevacion","status":"publish","type":"product","link":"https:\/\/previntegral.com\/es\/producto\/operadors-daparells-elevadors-2\/","title":{"rendered":"Operadores de equipos de elevaci\u00f3n"},"content":{"rendered":"<p>El curso para operadores de carretillas elevadoras ofrece la <strong>Formaci\u00f3n espec\u00edfica<\/strong> seg\u00fan lo establecido en el Convenio Colectivo Estatal del Sector Metal\u00fargico para trabajar en <strong>Obras de construcci\u00f3n<\/strong> y acceder al mercado laboral con garant\u00edas. Tiene una duraci\u00f3n de <strong>20 horas<\/strong> en <strong>Modo presencial<\/strong> y est\u00e1 estructurado en un <strong>parte del tronco<\/strong> a partir de las 14:00 (una sala com\u00fan para todas las oficinas) y una <strong>especialidad<\/strong> Un curso de seis horas centrado en el uso seguro de los equipos de elevaci\u00f3n. Abarca los siguientes temas: <strong>riesgos espec\u00edficos<\/strong>, la se\u00f1alizaci\u00f3n, la estabilidad y el centro de gravedad de las cargas, las maniobras y el\u2019<strong>Caricias<\/strong> b\u00e1sico, comprobaciones previas, mantenimiento b\u00e1sico, el uso de\u2019<strong>\u00cdndice de protecci\u00f3n equivalente<\/strong>, la coordinaci\u00f3n de actividades y los protocolos de emergencia in situ. Esta formaci\u00f3n complementa la formaci\u00f3n b\u00e1sica en <strong>De polo largo a riel<\/strong> y, si la actividad lo requiere, se puede ampliar con especialidades adicionales (por ejemplo, <strong>Plan m\u00e9dico de emergencia p\u00fablica<\/strong>). Impartido por Previntegral, <strong>Centro acreditado por la FLC<\/strong> N.\u00ba 0505080031: el curso aborda las obligaciones formativas del sector metal\u00fargico y nos recuerda la necesidad de <strong>Reciclaje cada 4 a\u00f1os<\/strong> en un curso de 4 horas.<\/p>","protected":false},"excerpt":{"rendered":"<p>El curs Operadors d\u2019aparells elevadors proporciona la formaci\u00f3 espec\u00edfica exigida pel Conveni Col\u00b7lectiu Estatal del Metall per treballar en obres de construcci\u00f3 i accedir al centre de treball amb garanties. T\u00e9 una durada de 20 hores en modalitat presencial i s\u2019estructura en una part troncal de 14 h (comuna per a tots els oficis) i [&hellip;]<\/p>\n","protected":false},"featured_media":7583,"comment_status":"open","ping_status":"closed","template":"","meta":{"_acf_changed":false},"product_brand":[],"product_cat":[52],"product_tag":[],"class_list":{"0":"post-7581","1":"product","2":"type-product","3":"status-publish","4":"has-post-thumbnail","6":"product_cat-metall-obra","8":"first","9":"instock","10":"virtual","11":"taxable","12":"purchasable","13":"product-type-curso"},"acf":[],"precio_regular_curso":340.01,"precio_bonificado_curso":358.16,"_links":{"self":[{"href":"https:\/\/previntegral.com\/es\/wp-json\/wp\/v2\/product\/7581","targetHints":{"allow":["GET"]}}],"collection":[{"href":"https:\/\/previntegral.com\/es\/wp-json\/wp\/v2\/product"}],"about":[{"href":"https:\/\/previntegral.com\/es\/wp-json\/wp\/v2\/types\/product"}],"replies":[{"embeddable":true,"href":"https:\/\/previntegral.com\/es\/wp-json\/wp\/v2\/comments?post=7581"}],"wp:featuredmedia":[{"embeddable":true,"href":"https:\/\/previntegral.com\/es\/wp-json\/wp\/v2\/media\/7583"}],"wp:attachment":[{"href":"https:\/\/previntegral.com\/es\/wp-json\/wp\/v2\/media?parent=7581"}],"wp:term":[{"taxonomy":"product_brand","embeddable":true,"href":"https:\/\/previntegral.com\/es\/wp-json\/wp\/v2\/product_brand?post=7581"},{"taxonomy":"product_cat","embeddable":true,"href":"https:\/\/previntegral.com\/es\/wp-json\/wp\/v2\/product_cat?post=7581"},{"taxonomy":"product_tag","embeddable":true,"href":"https:\/\/previntegral.com\/es\/wp-json\/wp\/v2\/product_tag?post=7581"}],"curies":[{"name":"WordPress","href":"https:\/\/api.w.org\/{rel}","templated":true}]}}