{"id":7584,"date":"2026-02-19T15:49:54","date_gmt":"2026-02-19T15:49:54","guid":{"rendered":"https:\/\/previntegral.com\/producto\/operadors-dequips-manuals-2\/"},"modified":"2026-03-16T18:32:35","modified_gmt":"2026-03-16T18:32:35","slug":"operadores-de-maquinaria-manual-2","status":"publish","type":"product","link":"https:\/\/previntegral.com\/es\/producto\/operadors-dequips-manuals-2\/","title":{"rendered":"Operadores de equipos manuales"},"content":{"rendered":"<p>El curso <strong>Operadores de equipos manuales<\/strong> Prepara al personal del sector metal\u00fargico que trabaja en obras de construcci\u00f3n para que cumpla con los requisitos de la <strong>Acuerdo sobre metales<\/strong> y poder acceder al \u201ccentro de obras\u201d. Con una duraci\u00f3n de <strong>20 horas<\/strong> y en modo <strong>presencial<\/strong>, la formaci\u00f3n se divide en un <strong>Parte central (14 h)<\/strong> comuna y un <strong>Especializaci\u00f3n (6 h)<\/strong> orientado al uso seguro de herramientas manuales (amoladoras angulares, taladros, pulidoras, llaves de impacto, etc.). Aborda el <strong>Prevenci\u00f3n de Riesgos Laborales<\/strong>, Normativa aplicable, inspecciones previas al inicio de los trabajos, equipos de protecci\u00f3n individual, ergonom\u00eda, manipulaci\u00f3n de cargas, se\u00f1alizaci\u00f3n y respuesta ante emergencias, con un enfoque pr\u00e1ctico en los procedimientos de trabajo seguros y la coordinaci\u00f3n de actividades. Dirigido a todo el personal que trabaja en el sector metal\u00fargico en obra, incluye los requisitos de formaci\u00f3n del convenio colectivo y recuerda que tareas como el manejo de plataformas m\u00f3viles elevadoras (PEMP) o la retirada de amianto requieren formaci\u00f3n espec\u00edfica adicional. Formaci\u00f3n impartida por Previntegral, un centro acreditado por la <strong>Comisionado Federal de Tierras<\/strong> (N.\u00ba 0505080031). Renovaci\u00f3n obligatoria cada cuatro a\u00f1os mediante un curso de actualizaci\u00f3n de cuatro horas.<\/p>","protected":false},"excerpt":{"rendered":"<p>El curs Operadors d\u2019equips manuals prepara el personal del sector del metall que treballa en obres de construcci\u00f3 per complir el que estableix el Conveni del Metall i poder accedir al \u201ccentre de treball obra de construcci\u00f3\u201d. Amb una durada de 20 hores i en modalitat presencial, la formaci\u00f3 es divideix en una part troncal [&hellip;]<\/p>\n","protected":false},"featured_media":7586,"comment_status":"open","ping_status":"closed","template":"","meta":{"_acf_changed":false},"product_brand":[],"product_cat":[52],"product_tag":[],"class_list":{"0":"post-7584","1":"product","2":"type-product","3":"status-publish","4":"has-post-thumbnail","6":"product_cat-metall-obra","8":"first","9":"instock","10":"virtual","11":"taxable","12":"purchasable","13":"product-type-curso"},"acf":[],"precio_regular_curso":340.01,"precio_bonificado_curso":358.16,"_links":{"self":[{"href":"https:\/\/previntegral.com\/es\/wp-json\/wp\/v2\/product\/7584","targetHints":{"allow":["GET"]}}],"collection":[{"href":"https:\/\/previntegral.com\/es\/wp-json\/wp\/v2\/product"}],"about":[{"href":"https:\/\/previntegral.com\/es\/wp-json\/wp\/v2\/types\/product"}],"replies":[{"embeddable":true,"href":"https:\/\/previntegral.com\/es\/wp-json\/wp\/v2\/comments?post=7584"}],"wp:featuredmedia":[{"embeddable":true,"href":"https:\/\/previntegral.com\/es\/wp-json\/wp\/v2\/media\/7586"}],"wp:attachment":[{"href":"https:\/\/previntegral.com\/es\/wp-json\/wp\/v2\/media?parent=7584"}],"wp:term":[{"taxonomy":"product_brand","embeddable":true,"href":"https:\/\/previntegral.com\/es\/wp-json\/wp\/v2\/product_brand?post=7584"},{"taxonomy":"product_cat","embeddable":true,"href":"https:\/\/previntegral.com\/es\/wp-json\/wp\/v2\/product_cat?post=7584"},{"taxonomy":"product_tag","embeddable":true,"href":"https:\/\/previntegral.com\/es\/wp-json\/wp\/v2\/product_tag?post=7584"}],"curies":[{"name":"WordPress","href":"https:\/\/api.w.org\/{rel}","templated":true}]}}