{"id":7587,"date":"2026-02-19T15:50:36","date_gmt":"2026-02-19T15:50:36","guid":{"rendered":"https:\/\/previntegral.com\/producto\/treballs-de-manteniment-de-maquinaria-i-vehicles-en-obres-de-construccio\/"},"modified":"2026-03-16T18:32:35","modified_gmt":"2026-03-16T18:32:35","slug":"trabajos-de-mantenimiento-de-maquinaria-y-vehiculos-en-obras-de-construccion","status":"publish","type":"product","link":"https:\/\/previntegral.com\/es\/producto\/treballs-de-manteniment-de-maquinaria-i-vehicles-en-obres-de-construccio\/","title":{"rendered":"Mantenimiento de maquinaria y veh\u00edculos en las obras"},"content":{"rendered":"<p>Formaci\u00f3n <strong>presencial<\/strong> de <strong>20 horas<\/strong> dirigida al personal de <strong>sector metal\u00fargico<\/strong> quien realiza trabajos de mantenimiento de maquinaria y veh\u00edculos en obras de construcci\u00f3n, de conformidad con las <strong>Convenio colectivo estatal para la industria metal\u00fargica<\/strong> para acceder al \u201cCentro de trabajo de obras de construcci\u00f3n\u201d. Impartido por Previntegral, <strong>Centro acreditado por la FLC n.\u00ba 0505080031<\/strong>, sigue la estructura del acuerdo: 14 horas de <strong>parte del tronco<\/strong> (art\u00edculos 18 y 19 de la LPRL, derechos y obligaciones, organizaci\u00f3n preventiva, riesgos generales en las obras) y 6 horas de\u2019<strong>especialidad<\/strong> centrado en el mantenimiento de maquinaria y veh\u00edculos: identificaci\u00f3n de riesgos, <strong>Bloqueo y etiquetado (LOTO)<\/strong>, uso seguro del EPI y del equipo de trabajo, se\u00f1alizaci\u00f3n interna y circulaci\u00f3n, carga y descarga, puesta en servicio, trabajos cerca de instalaciones de suministro y <strong>Procedimientos de emergencia<\/strong>. Si realizas tareas espec\u00edficas como la eliminaci\u00f3n de\u2019<strong>amianto<\/strong> o uso de <strong>Plan m\u00e9dico de emergencia p\u00fablica<\/strong>, Ser\u00e1 necesario realizar formaci\u00f3n adicional. El acuerdo exige <strong>reciclaje<\/strong> cada 4 a\u00f1os (4 h) para mantener la acreditaci\u00f3n actual.<\/p>","protected":false},"excerpt":{"rendered":"<p>Formaci\u00f3 presencial de 20 hores adre\u00e7ada al personal del sector del metall que fa treballs de manteniment de maquin\u00e0ria i vehicles en obres, d\u2019acord amb el Conveni col\u00b7lectiu estatal del metall per accedir al \u201ccentre de treball obra de construcci\u00f3\u201d. Impartit per Previntegral, centre homologat FLC n.\u00ba 0505080031, segueix l\u2019estructura del conveni: 14 h de [&hellip;]<\/p>\n","protected":false},"featured_media":7589,"comment_status":"open","ping_status":"closed","template":"","meta":{"_acf_changed":false},"product_brand":[],"product_cat":[52],"product_tag":[],"class_list":{"0":"post-7587","1":"product","2":"type-product","3":"status-publish","4":"has-post-thumbnail","6":"product_cat-metall-obra","8":"first","9":"instock","10":"virtual","11":"taxable","12":"purchasable","13":"product-type-curso"},"acf":[],"precio_regular_curso":340.01,"precio_bonificado_curso":358.16,"_links":{"self":[{"href":"https:\/\/previntegral.com\/es\/wp-json\/wp\/v2\/product\/7587","targetHints":{"allow":["GET"]}}],"collection":[{"href":"https:\/\/previntegral.com\/es\/wp-json\/wp\/v2\/product"}],"about":[{"href":"https:\/\/previntegral.com\/es\/wp-json\/wp\/v2\/types\/product"}],"replies":[{"embeddable":true,"href":"https:\/\/previntegral.com\/es\/wp-json\/wp\/v2\/comments?post=7587"}],"wp:featuredmedia":[{"embeddable":true,"href":"https:\/\/previntegral.com\/es\/wp-json\/wp\/v2\/media\/7589"}],"wp:attachment":[{"href":"https:\/\/previntegral.com\/es\/wp-json\/wp\/v2\/media?parent=7587"}],"wp:term":[{"taxonomy":"product_brand","embeddable":true,"href":"https:\/\/previntegral.com\/es\/wp-json\/wp\/v2\/product_brand?post=7587"},{"taxonomy":"product_cat","embeddable":true,"href":"https:\/\/previntegral.com\/es\/wp-json\/wp\/v2\/product_cat?post=7587"},{"taxonomy":"product_tag","embeddable":true,"href":"https:\/\/previntegral.com\/es\/wp-json\/wp\/v2\/product_tag?post=7587"}],"curies":[{"name":"WordPress","href":"https:\/\/api.w.org\/{rel}","templated":true}]}}