{"id":7590,"date":"2026-02-19T15:51:29","date_gmt":"2026-02-19T15:51:29","guid":{"rendered":"https:\/\/previntegral.com\/producto\/treballs-daillament-i-impermeabilitzacio-2\/"},"modified":"2026-03-16T18:32:35","modified_gmt":"2026-03-16T18:32:35","slug":"cubiertas-alicatados-e-impermeabilizacion-2","status":"publish","type":"product","link":"https:\/\/previntegral.com\/es\/producto\/treballs-daillament-i-impermeabilitzacio-2\/","title":{"rendered":"Trabajos de aislamiento e impermeabilizaci\u00f3n"},"content":{"rendered":"<p>El curso \u00abTrabajos de aislamiento e impermeabilizaci\u00f3n\u00bb forma a los operarios metal\u00fargicos que trabajan en obra para que cumplan con los requisitos de formaci\u00f3n exigidos por la <strong>Acuerdo sobre metales<\/strong> y el acceso a la obra. Tiene una duraci\u00f3n de <strong>8 de la tarde<\/strong> y es <strong>presencial<\/strong>. Est\u00e1 estructurado en un <strong>Parte central (14 h)<\/strong> com\u00fan a todos los oficios (conceptos clave de <strong>PRL<\/strong> en materia de construcci\u00f3n, organizaci\u00f3n de la obra, derechos y obligaciones, coordinaci\u00f3n, se\u00f1alizaci\u00f3n, equipamiento y emergencias) y un <strong>Especializaci\u00f3n (6 h)<\/strong> centrado en el arte de\u2019<strong>Aislamiento e impermeabilizaci\u00f3n<\/strong>T\u00e9cnicas seguras para la instalaci\u00f3n de aislamiento t\u00e9rmico y ac\u00fastico, aplicaci\u00f3n de membranas bituminosas y sint\u00e9ticas (PVC, EPDM), control de la humedad y de los puentes t\u00e9rmicos, uso de herramientas y equipos, riesgos espec\u00edficos (trabajos en altura, productos qu\u00edmicos), EPI y protecciones colectivas, inspecciones y gesti\u00f3n de residuos. Impartido por un centro acreditado por la <strong>Comisionado Federal de Tierras<\/strong>, otorga una acreditaci\u00f3n v\u00e1lida para trabajar en obras de construcci\u00f3n. El acuerdo establece <strong>Reciclaje de 4 horas<\/strong> cada cuatro a\u00f1os; para tareas como la retirada de amianto o el uso de una plataforma elevadora m\u00f3vil de personal (PEMP), se requiere formaci\u00f3n adicional.<\/p>","protected":false},"excerpt":{"rendered":"<p>El curs Treballs d\u2019a\u00efllament i impermeabilitzaci\u00f3 capacita el personal del metall que treballa en obra per complir la formaci\u00f3 exigida pel Conveni del Metall i accedir a obra. T\u00e9 una durada de 20 h i \u00e9s presencial. S\u2019estructura en una part troncal (14 h) comuna a tots els oficis (conceptes clau de PRL en construcci\u00f3, [&hellip;]<\/p>\n","protected":false},"featured_media":7592,"comment_status":"open","ping_status":"closed","template":"","meta":{"_acf_changed":false},"product_brand":[],"product_cat":[52],"product_tag":[],"class_list":{"0":"post-7590","1":"product","2":"type-product","3":"status-publish","4":"has-post-thumbnail","6":"product_cat-metall-obra","8":"first","9":"instock","10":"virtual","11":"taxable","12":"purchasable","13":"product-type-curso"},"acf":[],"precio_regular_curso":340.01,"precio_bonificado_curso":358.16,"_links":{"self":[{"href":"https:\/\/previntegral.com\/es\/wp-json\/wp\/v2\/product\/7590","targetHints":{"allow":["GET"]}}],"collection":[{"href":"https:\/\/previntegral.com\/es\/wp-json\/wp\/v2\/product"}],"about":[{"href":"https:\/\/previntegral.com\/es\/wp-json\/wp\/v2\/types\/product"}],"replies":[{"embeddable":true,"href":"https:\/\/previntegral.com\/es\/wp-json\/wp\/v2\/comments?post=7590"}],"wp:featuredmedia":[{"embeddable":true,"href":"https:\/\/previntegral.com\/es\/wp-json\/wp\/v2\/media\/7592"}],"wp:attachment":[{"href":"https:\/\/previntegral.com\/es\/wp-json\/wp\/v2\/media?parent=7590"}],"wp:term":[{"taxonomy":"product_brand","embeddable":true,"href":"https:\/\/previntegral.com\/es\/wp-json\/wp\/v2\/product_brand?post=7590"},{"taxonomy":"product_cat","embeddable":true,"href":"https:\/\/previntegral.com\/es\/wp-json\/wp\/v2\/product_cat?post=7590"},{"taxonomy":"product_tag","embeddable":true,"href":"https:\/\/previntegral.com\/es\/wp-json\/wp\/v2\/product_tag?post=7590"}],"curies":[{"name":"WordPress","href":"https:\/\/api.w.org\/{rel}","templated":true}]}}