{"id":7593,"date":"2026-02-19T15:52:30","date_gmt":"2026-02-19T15:52:30","guid":{"rendered":"https:\/\/previntegral.com\/producto\/especialitat-en-installacions-reparacions-muntatges-estructures-metalliques-serralleria-i-fusteria-metallica\/"},"modified":"2026-03-16T18:32:35","modified_gmt":"2026-03-16T18:32:35","slug":"especializados-en-instalaciones-reparaciones-montajes-estructuras-metalicas-herrajes-y-carpinteria-metalica","status":"publish","type":"product","link":"https:\/\/previntegral.com\/es\/producto\/especialitat-en-installacions-reparacions-muntatges-estructures-metalliques-serralleria-i-fusteria-metallica\/","title":{"rendered":"Especializados en instalaciones, reparaciones, montajes, estructuras met\u00e1licas, ferreter\u00eda y carpinter\u00eda met\u00e1lica."},"content":{"rendered":"<p>El curso \u201cInstalaciones, reparaciones, montajes, estructuras met\u00e1licas, herrajes y carpinter\u00eda met\u00e1lica\u201d es un curso de formaci\u00f3n de 6 horas de duraci\u00f3n, en <strong>Modo presencial<\/strong>, dise\u00f1ado para el personal del sector metal\u00fargico que trabaja en <strong>trabajos de construcci\u00f3n<\/strong>. Elogia a <strong>Convenio colectivo estatal para el sector metal\u00fargico<\/strong> y ofrece directrices pr\u00e1cticas para trabajar de forma segura en tareas de instalaci\u00f3n y montaje de perfiles, estructuras y cerramientos, as\u00ed como en operaciones de herrajes y carpinter\u00eda met\u00e1lica. Aborda el <strong>riesgos espec\u00edficos<\/strong> del sector, medidas preventivas, uso correcto de\u2019<strong>Equipo de protecci\u00f3n personal<\/strong> y medidas de seguridad colectivas, puntos de anclaje y trabajos en altura, manipulaci\u00f3n de materiales y herramientas el\u00e9ctricas, se\u00f1alizaci\u00f3n y coordinaci\u00f3n de actividades empresariales. Este curso de formaci\u00f3n se ajusta a la\u2019<strong>Especialidad de 6 horas<\/strong> que complementa el componente b\u00e1sico de 14 horas; si ya has cursado el componente b\u00e1sico, este m\u00f3dulo completa la formaci\u00f3n profesional, y si cursas otras formaciones profesionales, tendr\u00e1s que a\u00f1adir sus especializaciones. Previntegral es un centro acreditado por la <strong>Comisionado Federal de Tierras<\/strong> (0505080031). Recuerde que el acuerdo establece <strong>Reciclar cada 4 horas cada 4 a\u00f1os.<\/strong>.<\/p>","protected":false},"excerpt":{"rendered":"<p>El curs \u201cInstal\u00b7lacions, reparacions, muntatges, estructures met\u00e0l\u00b7liques, serralleria i fusteria met\u00e0l\u00b7lica\u201d \u00e9s una formaci\u00f3 de 6 hores, en modalitat presencial, dissenyada per al personal del metall que opera en obra de construcci\u00f3. Dona compliment al Conveni Col\u00b7lectiu Estatal del Metall i aporta les pautes pr\u00e0ctiques per treballar amb seguretat en tasques d\u2019instal\u00b7laci\u00f3 i muntatge de [&hellip;]<\/p>\n","protected":false},"featured_media":7596,"comment_status":"open","ping_status":"closed","template":"","meta":{"_acf_changed":false},"product_brand":[],"product_cat":[52],"product_tag":[],"class_list":{"0":"post-7593","1":"product","2":"type-product","3":"status-publish","4":"has-post-thumbnail","6":"product_cat-metall-obra","8":"first","9":"instock","10":"virtual","11":"taxable","12":"purchasable","13":"product-type-curso"},"acf":[],"precio_regular_curso":150.04,"precio_bonificado_curso":157.3,"_links":{"self":[{"href":"https:\/\/previntegral.com\/es\/wp-json\/wp\/v2\/product\/7593","targetHints":{"allow":["GET"]}}],"collection":[{"href":"https:\/\/previntegral.com\/es\/wp-json\/wp\/v2\/product"}],"about":[{"href":"https:\/\/previntegral.com\/es\/wp-json\/wp\/v2\/types\/product"}],"replies":[{"embeddable":true,"href":"https:\/\/previntegral.com\/es\/wp-json\/wp\/v2\/comments?post=7593"}],"wp:featuredmedia":[{"embeddable":true,"href":"https:\/\/previntegral.com\/es\/wp-json\/wp\/v2\/media\/7596"}],"wp:attachment":[{"href":"https:\/\/previntegral.com\/es\/wp-json\/wp\/v2\/media?parent=7593"}],"wp:term":[{"taxonomy":"product_brand","embeddable":true,"href":"https:\/\/previntegral.com\/es\/wp-json\/wp\/v2\/product_brand?post=7593"},{"taxonomy":"product_cat","embeddable":true,"href":"https:\/\/previntegral.com\/es\/wp-json\/wp\/v2\/product_cat?post=7593"},{"taxonomy":"product_tag","embeddable":true,"href":"https:\/\/previntegral.com\/es\/wp-json\/wp\/v2\/product_tag?post=7593"}],"curies":[{"name":"WordPress","href":"https:\/\/api.w.org\/{rel}","templated":true}]}}