{"id":7595,"date":"2026-02-19T15:52:36","date_gmt":"2026-02-19T15:52:36","guid":{"rendered":"https:\/\/previntegral.com\/producto\/especialitat-en-electricitat-muntatge-i-manteniment-dinstallacions-electriques-dalta-i-baixa-tensio\/"},"modified":"2026-03-16T18:32:35","modified_gmt":"2026-03-16T18:32:35","slug":"especializados-en-la-instalacion-y-mantenimiento-de-instalaciones-electricas-de-alta-y-baja-tension","status":"publish","type":"product","link":"https:\/\/previntegral.com\/es\/producto\/especialitat-en-electricitat-muntatge-i-manteniment-dinstallacions-electriques-dalta-i-baixa-tensio\/","title":{"rendered":"Especializaci\u00f3n en Ingenier\u00eda El\u00e9ctrica: instalaci\u00f3n y mantenimiento de sistemas el\u00e9ctricos de alta y baja tensi\u00f3n."},"content":{"rendered":"<p>Este curso <strong>presencial<\/strong> de <strong>6 horas<\/strong> Est\u00e1 dirigido al personal del sector metal\u00fargico que se dedica a la instalaci\u00f3n y el mantenimiento de instalaciones el\u00e9ctricas.\u2019<strong>Alta y baja tensi\u00f3n<\/strong> en obras de construcci\u00f3n. Responde a la <strong>Convenio colectivo estatal para la industria metal\u00fargica<\/strong> acceder al lugar de trabajo con garant\u00edas y corresponde al\u2019<strong>Especialidad de 6 horas<\/strong> que complementa el <strong>Parte central de 14 horas<\/strong>. Aborda los riesgos y el <strong>prevenci\u00f3n de riesgos<\/strong> Espec\u00edfico en el lugar: trabajo sin energ\u00eda y en proximidad cercana, procedimientos de bloqueo y etiquetado.<strong>Bloqueo\/Etiquetado<\/strong>Uso de equipos de protecci\u00f3n individual (EPI) y equipos de medici\u00f3n, coordinaci\u00f3n de actividades, inspecciones, puesta en servicio y mantenimiento seguro de cuadros el\u00e9ctricos, conductos y equipos. El objetivo es consolidar los conocimientos t\u00e9cnicos y las pr\u00e1cticas seguras para cumplir con la normativa vigente (por ejemplo,. <strong>De nada.<\/strong>) en entornos reales. Formaci\u00f3n presencial (no en l\u00ednea) 100% impartida por Previntegral, un centro acreditado por la <strong>Comisionado Federal de Tierras<\/strong> (0505080031). De acuerdo con la convenci\u00f3n sobre metales, esta formaci\u00f3n debe renovarse cada cuatro a\u00f1os mediante el correspondiente curso de actualizaci\u00f3n de cuatro horas de duraci\u00f3n.<\/p>","protected":false},"excerpt":{"rendered":"<p>Aquest curs presencial de 6 hores est\u00e0 pensat per al personal del sector del metall que realitza muntatge i manteniment d\u2019instal\u00b7lacions el\u00e8ctriques d\u2019alta i baixa tensi\u00f3 en obres de construcci\u00f3. Dona resposta al Conveni col\u00b7lectiu estatal del metall per accedir amb garanties al centre de treball i correspon a l\u2019especialitat de 6 h que complementa [&hellip;]<\/p>\n","protected":false},"featured_media":7599,"comment_status":"open","ping_status":"closed","template":"","meta":{"_acf_changed":false},"product_brand":[],"product_cat":[52],"product_tag":[],"class_list":{"0":"post-7595","1":"product","2":"type-product","3":"status-publish","4":"has-post-thumbnail","6":"product_cat-metall-obra","8":"first","9":"instock","10":"virtual","11":"taxable","12":"purchasable","13":"product-type-curso"},"acf":[],"precio_regular_curso":150.04,"precio_bonificado_curso":157.3,"_links":{"self":[{"href":"https:\/\/previntegral.com\/es\/wp-json\/wp\/v2\/product\/7595","targetHints":{"allow":["GET"]}}],"collection":[{"href":"https:\/\/previntegral.com\/es\/wp-json\/wp\/v2\/product"}],"about":[{"href":"https:\/\/previntegral.com\/es\/wp-json\/wp\/v2\/types\/product"}],"replies":[{"embeddable":true,"href":"https:\/\/previntegral.com\/es\/wp-json\/wp\/v2\/comments?post=7595"}],"wp:featuredmedia":[{"embeddable":true,"href":"https:\/\/previntegral.com\/es\/wp-json\/wp\/v2\/media\/7599"}],"wp:attachment":[{"href":"https:\/\/previntegral.com\/es\/wp-json\/wp\/v2\/media?parent=7595"}],"wp:term":[{"taxonomy":"product_brand","embeddable":true,"href":"https:\/\/previntegral.com\/es\/wp-json\/wp\/v2\/product_brand?post=7595"},{"taxonomy":"product_cat","embeddable":true,"href":"https:\/\/previntegral.com\/es\/wp-json\/wp\/v2\/product_cat?post=7595"},{"taxonomy":"product_tag","embeddable":true,"href":"https:\/\/previntegral.com\/es\/wp-json\/wp\/v2\/product_tag?post=7595"}],"curies":[{"name":"WordPress","href":"https:\/\/api.w.org\/{rel}","templated":true}]}}