{"id":7598,"date":"2026-02-19T15:52:42","date_gmt":"2026-02-19T15:52:42","guid":{"rendered":"https:\/\/previntegral.com\/producto\/treballs-en-dinstallacions-de-telecomunicacions\/"},"modified":"2026-03-16T18:32:35","modified_gmt":"2026-03-16T18:32:35","slug":"trabajas-en-instalaciones-de-telecomunicaciones","status":"publish","type":"product","link":"https:\/\/previntegral.com\/es\/producto\/treballs-en-dinstallacions-de-telecomunicacions\/","title":{"rendered":"Trabajos en instalaciones de telecomunicaciones"},"content":{"rendered":"<p>El curso de Instalaciones de Telecomunicaciones forma a los metal\u00fargicos que trabajan en obras de construcci\u00f3n para que cumplan con el convenio colectivo nacional del sector y accedan al lugar de trabajo de forma segura. Tiene una duraci\u00f3n de <strong>20 horas<\/strong>, en <strong>Modo presencial<\/strong>, y est\u00e1 estructurado en un <strong>Parte central (14 h)<\/strong> comuna y un <strong>Especializaci\u00f3n (6 h)<\/strong> Centrado en las operaciones internas para la instalaci\u00f3n de redes, fibra \u00f3ptica y sistemas TIC: planificaci\u00f3n, se\u00f1alizaci\u00f3n, uso de herramientas y equipos, cableado, conductos y trabajos en altura. Abarca el <strong>riesgos espec\u00edficos<\/strong>, medidas de <strong>prevenci\u00f3n<\/strong> De acuerdo con los art\u00edculos 18 y 19 de la LPRL, emergencias y coordinaci\u00f3n de actividades empresariales. Dirigido a instaladores y equipos de mantenimiento que trabajan in situ, garantiza la validez oficial en el sector: Previntegral es <strong>Centro acreditado por la FLC (0505080031)<\/strong>. El acuerdo fija <strong>Reciclaje cada 4 a\u00f1os (4 h)<\/strong>; Si realiza tareas como utilizar una plataforma elevadora m\u00f3vil motorizada (PEMP) o retirar amianto, necesitar\u00e1 formaci\u00f3n espec\u00edfica adicional.<\/p>","protected":false},"excerpt":{"rendered":"<p>El curs Treballs en instal\u00b7lacions de telecomunicacions capacita el personal del metall que treballa en obres de construcci\u00f3 per complir el Conveni col\u00b7lectiu estatal del sector i accedir amb seguretat al centre de treball. T\u00e9 una durada de 20 hores, en modalitat presencial, i s\u2019estructura en una part troncal (14 h) comuna i una especialitat [&hellip;]<\/p>\n","protected":false},"featured_media":7601,"comment_status":"open","ping_status":"closed","template":"","meta":{"_acf_changed":false},"product_brand":[],"product_cat":[52],"product_tag":[],"class_list":{"0":"post-7598","1":"product","2":"type-product","3":"status-publish","4":"has-post-thumbnail","6":"product_cat-metall-obra","8":"first","9":"instock","10":"virtual","11":"taxable","12":"purchasable","13":"product-type-curso"},"acf":[],"precio_regular_curso":340.01,"precio_bonificado_curso":358.16,"_links":{"self":[{"href":"https:\/\/previntegral.com\/es\/wp-json\/wp\/v2\/product\/7598","targetHints":{"allow":["GET"]}}],"collection":[{"href":"https:\/\/previntegral.com\/es\/wp-json\/wp\/v2\/product"}],"about":[{"href":"https:\/\/previntegral.com\/es\/wp-json\/wp\/v2\/types\/product"}],"replies":[{"embeddable":true,"href":"https:\/\/previntegral.com\/es\/wp-json\/wp\/v2\/comments?post=7598"}],"wp:featuredmedia":[{"embeddable":true,"href":"https:\/\/previntegral.com\/es\/wp-json\/wp\/v2\/media\/7601"}],"wp:attachment":[{"href":"https:\/\/previntegral.com\/es\/wp-json\/wp\/v2\/media?parent=7598"}],"wp:term":[{"taxonomy":"product_brand","embeddable":true,"href":"https:\/\/previntegral.com\/es\/wp-json\/wp\/v2\/product_brand?post=7598"},{"taxonomy":"product_cat","embeddable":true,"href":"https:\/\/previntegral.com\/es\/wp-json\/wp\/v2\/product_cat?post=7598"},{"taxonomy":"product_tag","embeddable":true,"href":"https:\/\/previntegral.com\/es\/wp-json\/wp\/v2\/product_tag?post=7598"}],"curies":[{"name":"WordPress","href":"https:\/\/api.w.org\/{rel}","templated":true}]}}