{"id":7602,"date":"2026-02-19T15:53:11","date_gmt":"2026-02-19T15:53:11","guid":{"rendered":"https:\/\/previntegral.com\/producto\/especialitat-en-fontaneria-i-dinstallacions-de-climatitzacio\/"},"modified":"2026-03-16T18:32:35","modified_gmt":"2026-03-16T18:32:35","slug":"especializados-en-instalaciones-de-fontaneria-y-aire-acondicionado-2","status":"publish","type":"product","link":"https:\/\/previntegral.com\/es\/producto\/especialitat-en-fontaneria-i-dinstallacions-de-climatitzacio\/","title":{"rendered":"Especializados en instalaciones de fontaner\u00eda y climatizaci\u00f3n."},"content":{"rendered":"<p>Formaci\u00f3n <strong>presencial<\/strong> de <strong>6 horas<\/strong> dirigido a profesionales de <strong>Instalaciones de fontaner\u00eda y climatizaci\u00f3n<\/strong> del sector metal\u00fargico que trabajan en <strong>trabajos de construcci\u00f3n<\/strong>. Esto <strong>especialidad<\/strong> complementa las obligaciones de <strong>Acuerdo sobre metales<\/strong> y analiza los riesgos y las medidas preventivas relacionados con el montaje de tuber\u00edas y equipos, las operaciones de soldadura y corte, la manipulaci\u00f3n de refrigerantes, los circuitos de refrigeraci\u00f3n y los equipos a presi\u00f3n, la elevaci\u00f3n y el anclaje, el trabajo en altura, los espacios confinados, el aislamiento y la puesta en servicio. Se refuerzan los procedimientos de seguridad, el uso de\u2026\u2019<strong>\u00cdndice de protecci\u00f3n equivalente<\/strong>, se\u00f1alizaci\u00f3n, coordinaci\u00f3n de actividades (CAE) y respuesta ante emergencias. Si se trata de tu primera acreditaci\u00f3n en virtud del acuerdo, recuerda que debes haber completado previamente (o completar) el <strong>14 horas de trabajo<\/strong>; Si ya lo tienes, este m\u00f3dulo es el complemento necesario para el ejercicio de la profesi\u00f3n. Su validez debe renovarse cada cuatro a\u00f1os mediante <strong>Reciclaje cada 4 horas<\/strong>. Impartido por Previntegral, un centro acreditado por la <strong>Comisionado Federal de Tierras<\/strong> (n.\u00ba 0505080031). No disponible en l\u00ednea.<\/p>","protected":false},"excerpt":{"rendered":"<p>Formaci\u00f3 presencial de 6 hores orientada a professionals de fontaneria i instal\u00b7lacions de climatitzaci\u00f3 del sector del metall que treballen en obra de construcci\u00f3. Aquesta especialitat dona compliment a les obligacions del conveni del metall i aprofundeix en els riscos i les mesures preventives pr\u00f2pies del muntatge de canonades i equips, treballs de soldadura i [&hellip;]<\/p>\n","protected":false},"featured_media":7604,"comment_status":"open","ping_status":"closed","template":"","meta":{"_acf_changed":false},"product_brand":[],"product_cat":[52],"product_tag":[],"class_list":{"0":"post-7602","1":"product","2":"type-product","3":"status-publish","4":"has-post-thumbnail","6":"product_cat-metall-obra","8":"first","9":"instock","10":"virtual","11":"taxable","12":"purchasable","13":"product-type-curso"},"acf":[],"precio_regular_curso":150.04,"precio_bonificado_curso":157.3,"_links":{"self":[{"href":"https:\/\/previntegral.com\/es\/wp-json\/wp\/v2\/product\/7602","targetHints":{"allow":["GET"]}}],"collection":[{"href":"https:\/\/previntegral.com\/es\/wp-json\/wp\/v2\/product"}],"about":[{"href":"https:\/\/previntegral.com\/es\/wp-json\/wp\/v2\/types\/product"}],"replies":[{"embeddable":true,"href":"https:\/\/previntegral.com\/es\/wp-json\/wp\/v2\/comments?post=7602"}],"wp:featuredmedia":[{"embeddable":true,"href":"https:\/\/previntegral.com\/es\/wp-json\/wp\/v2\/media\/7604"}],"wp:attachment":[{"href":"https:\/\/previntegral.com\/es\/wp-json\/wp\/v2\/media?parent=7602"}],"wp:term":[{"taxonomy":"product_brand","embeddable":true,"href":"https:\/\/previntegral.com\/es\/wp-json\/wp\/v2\/product_brand?post=7602"},{"taxonomy":"product_cat","embeddable":true,"href":"https:\/\/previntegral.com\/es\/wp-json\/wp\/v2\/product_cat?post=7602"},{"taxonomy":"product_tag","embeddable":true,"href":"https:\/\/previntegral.com\/es\/wp-json\/wp\/v2\/product_tag?post=7602"}],"curies":[{"name":"WordPress","href":"https:\/\/api.w.org\/{rel}","templated":true}]}}