{"id":7605,"date":"2026-02-19T15:53:52","date_gmt":"2026-02-19T15:53:52","guid":{"rendered":"https:\/\/previntegral.com\/producto\/reciclatge-en-electricitat-muntatge-i-manteniment-dinstallacions-electriques-dalta-i-baixa-tensio\/"},"modified":"2026-03-25T11:41:26","modified_gmt":"2026-03-25T11:41:26","slug":"reciclaje-en-electricidad-montaje-y-mantenimiento-de-instalaciones-electricas-de-alta-y-baja-tension","status":"publish","type":"product","link":"https:\/\/previntegral.com\/es\/producto\/reciclatge-en-electricitat-muntatge-i-manteniment-dinstallacions-electriques-dalta-i-baixa-tensio\/","title":{"rendered":"Reciclaje en electricidad: instalaci\u00f3n y mantenimiento de sistemas el\u00e9ctricos de alta y baja tensi\u00f3n."},"content":{"rendered":"<p>Formaci\u00f3n <strong>presencial<\/strong> de <strong>6 horas<\/strong> que acredita la especialidad de\u2019<strong>Electricidad<\/strong> del Convenio de la Madera en obra. Dirigida a personal que monta y mantiene instalaciones de\u2019<strong>Alta y baja tensi\u00f3n<\/strong> en obras de construcci\u00f3n, imprescindible para acceder al centro de trabajo seg\u00fan el convenio estatal. Este m\u00f3dulo cubre la parte de\u2019<strong>Especializaci\u00f3n (6 h)<\/strong> y se complementa con la <strong>Parte central (14 h)<\/strong> y la formaci\u00f3n b\u00e1sica de LPRL cuando corresponda. Trabajaremos: <strong>Riesgo el\u00e9ctrico<\/strong>, <strong>bloqueig i consignaci\u00f3<\/strong>, puesta en servicio y verificaciones en BT\/AT, uso de\u2019<strong>\u00cdndice de protecci\u00f3n equivalente<\/strong> equipamiento de medici\u00f3n, trabajos fuera de tensi\u00f3n y en proximidad, se\u00f1alizaci\u00f3n, orden y limpieza y actuaci\u00f3n en emergencias. No disponible en modalidad <strong>en l\u00ednea<\/strong>. Impartido por centro homologado por <strong>Comisionado Federal de Tierras<\/strong> (0505080031). Al finalizar, obtendr\u00e1s el certificado de especialidad y cumplir\u00e1s con las obligaciones formativas del convenio; recuerda el <strong>reciclaje<\/strong> cada 4 a\u00f1os (4 h). Para PEMP o amianto se requiere formaci\u00f3n adicional.<\/p>","protected":false},"excerpt":{"rendered":"<p>Formaci\u00f3 presencial de 6 hores que acredita l\u2019especialitat d\u2019Electricitat del Conveni del Metall en obra. Adre\u00e7ada a personal que munta i mant\u00e9 instal\u00b7lacions d\u2019alta i baixa tensi\u00f3 en obres de construcci\u00f3, imprescindible per accedir al centre de treball segons el conveni estatal. Aquest m\u00f2dul cobreix la part d\u2019especialitat (6 h) i es complementa amb la [&hellip;]<\/p>\n","protected":false},"featured_media":7607,"comment_status":"open","ping_status":"closed","template":"","meta":{"_acf_changed":false},"product_brand":[],"product_cat":[52],"product_tag":[],"class_list":{"0":"post-7605","1":"product","2":"type-product","3":"status-publish","4":"has-post-thumbnail","6":"product_cat-metall-obra","8":"first","9":"instock","10":"virtual","11":"taxable","12":"purchasable","13":"product-type-curso"},"acf":[],"precio_regular_curso":121,"precio_bonificado_curso":127.03,"_links":{"self":[{"href":"https:\/\/previntegral.com\/es\/wp-json\/wp\/v2\/product\/7605","targetHints":{"allow":["GET"]}}],"collection":[{"href":"https:\/\/previntegral.com\/es\/wp-json\/wp\/v2\/product"}],"about":[{"href":"https:\/\/previntegral.com\/es\/wp-json\/wp\/v2\/types\/product"}],"replies":[{"embeddable":true,"href":"https:\/\/previntegral.com\/es\/wp-json\/wp\/v2\/comments?post=7605"}],"wp:featuredmedia":[{"embeddable":true,"href":"https:\/\/previntegral.com\/es\/wp-json\/wp\/v2\/media\/7607"}],"wp:attachment":[{"href":"https:\/\/previntegral.com\/es\/wp-json\/wp\/v2\/media?parent=7605"}],"wp:term":[{"taxonomy":"product_brand","embeddable":true,"href":"https:\/\/previntegral.com\/es\/wp-json\/wp\/v2\/product_brand?post=7605"},{"taxonomy":"product_cat","embeddable":true,"href":"https:\/\/previntegral.com\/es\/wp-json\/wp\/v2\/product_cat?post=7605"},{"taxonomy":"product_tag","embeddable":true,"href":"https:\/\/previntegral.com\/es\/wp-json\/wp\/v2\/product_tag?post=7605"}],"curies":[{"name":"WordPress","href":"https:\/\/api.w.org\/{rel}","templated":true}]}}