{"id":7608,"date":"2026-02-19T15:54:36","date_gmt":"2026-02-19T15:54:36","guid":{"rendered":"https:\/\/previntegral.com\/producto\/reciclatge-en-fontaneria-i-dinstallacions-de-climatitzacio\/"},"modified":"2026-03-16T18:32:35","modified_gmt":"2026-03-16T18:32:35","slug":"reciclaje-en-instalaciones-de-fontaneria-y-aire-acondicionado","status":"publish","type":"product","link":"https:\/\/previntegral.com\/es\/producto\/reciclatge-en-fontaneria-i-dinstallacions-de-climatitzacio\/","title":{"rendered":"Reciclaje en instalaciones de fontaner\u00eda y climatizaci\u00f3n"},"content":{"rendered":"<p>El curso \u00abInstalaciones de fontaner\u00eda y climatizaci\u00f3n\u00bb es el\u2019<strong>Especialidad de 6 horas<\/strong> del Convenio del Sector Metal\u00fargico para el trabajo in situ. Es obligatorio acceder a los centros de trabajo in situ de conformidad con el Convenio Colectivo Estatal para la Industria Metal\u00fargica, las Nuevas Tecnolog\u00edas y los Servicios. Referencia 100% <strong>presencial<\/strong> en peque\u00f1os grupos. Esta formaci\u00f3n complementa la <strong>Parte central de 14 horas<\/strong> (lo cual solo se hace una vez) y se centra en el <strong>Riesgos espec\u00edficos del sector<\/strong>Instalaci\u00f3n y mantenimiento de redes de agua y aire acondicionado, trabajos con tuber\u00edas y conexiones, soldadura y corte, equipos a presi\u00f3n y refrigerantes, espacios confinados ocasionales, trabajos el\u00e9ctricos relacionados, trabajos en altura, equipos de protecci\u00f3n individual, se\u00f1alizaci\u00f3n y procedimientos de emergencia. Dirigido al personal de la <strong>sector metal\u00fargico y de la construcci\u00f3n<\/strong>; Si adem\u00e1s te dedicas a otros oficios, tendr\u00e1s que completar la especializaci\u00f3n correspondiente de seis horas. La formaci\u00f3n debe ser <strong>Renovar cada 4 a\u00f1os<\/strong> (reciclaje de 4 horas). Para tareas como <strong>Eliminaci\u00f3n de amianto<\/strong> o <strong>uso de una plataforma m\u00f3vil motorizada<\/strong>, Se requiere formaci\u00f3n adicional. Previntegral es un centro autorizado de FLC, n.\u00ba 0505080031.<\/p>","protected":false},"excerpt":{"rendered":"<p>El curs \u00abFontaneria i d\u2019instal\u00b7lacions de climatitzaci\u00f3\u00bb \u00e9s l\u2019especialitat de 6 h del Conveni del Metall per a treballs en obra. \u00c9s necess\u00e0ria per accedir als centres de treball d\u2019obra segons el Conveni col\u00b7lectiu estatal de la ind\u00fastria, les noves tecnologies i els serveis del sector del metall. Impartici\u00f3 100% presencial en grups redu\u00efts. Aquesta [&hellip;]<\/p>\n","protected":false},"featured_media":7611,"comment_status":"open","ping_status":"closed","template":"","meta":{"_acf_changed":false},"product_brand":[],"product_cat":[52],"product_tag":[],"class_list":{"0":"post-7608","1":"product","2":"type-product","3":"status-publish","4":"has-post-thumbnail","6":"product_cat-metall-obra","8":"first","9":"instock","10":"virtual","11":"taxable","12":"purchasable","13":"product-type-curso"},"acf":[],"precio_regular_curso":150.04,"precio_bonificado_curso":157.3,"_links":{"self":[{"href":"https:\/\/previntegral.com\/es\/wp-json\/wp\/v2\/product\/7608","targetHints":{"allow":["GET"]}}],"collection":[{"href":"https:\/\/previntegral.com\/es\/wp-json\/wp\/v2\/product"}],"about":[{"href":"https:\/\/previntegral.com\/es\/wp-json\/wp\/v2\/types\/product"}],"replies":[{"embeddable":true,"href":"https:\/\/previntegral.com\/es\/wp-json\/wp\/v2\/comments?post=7608"}],"wp:featuredmedia":[{"embeddable":true,"href":"https:\/\/previntegral.com\/es\/wp-json\/wp\/v2\/media\/7611"}],"wp:attachment":[{"href":"https:\/\/previntegral.com\/es\/wp-json\/wp\/v2\/media?parent=7608"}],"wp:term":[{"taxonomy":"product_brand","embeddable":true,"href":"https:\/\/previntegral.com\/es\/wp-json\/wp\/v2\/product_brand?post=7608"},{"taxonomy":"product_cat","embeddable":true,"href":"https:\/\/previntegral.com\/es\/wp-json\/wp\/v2\/product_cat?post=7608"},{"taxonomy":"product_tag","embeddable":true,"href":"https:\/\/previntegral.com\/es\/wp-json\/wp\/v2\/product_tag?post=7608"}],"curies":[{"name":"WordPress","href":"https:\/\/api.w.org\/{rel}","templated":true}]}}