{"id":7613,"date":"2026-02-19T15:54:48","date_gmt":"2026-02-19T15:54:48","guid":{"rendered":"https:\/\/previntegral.com\/producto\/reciclatge-en-installacions-reparacions-muntatges-estructures-metalliques-serralleria-i-fusteria-metallica\/"},"modified":"2026-03-16T18:32:35","modified_gmt":"2026-03-16T18:32:35","slug":"reciclaje-instalacion-reparaciones-montaje-estructuras-metalicas-cerrajeria-y-carpinteria-metalica","status":"publish","type":"product","link":"https:\/\/previntegral.com\/es\/producto\/reciclatge-en-installacions-reparacions-muntatges-estructures-metalliques-serralleria-i-fusteria-metallica\/","title":{"rendered":"Reciclaje in situ, reparaciones, montajes, estructuras met\u00e1licas, ferreter\u00eda y carpinter\u00eda met\u00e1lica."},"content":{"rendered":"<p>Este curso <strong>presencial<\/strong> de <strong>6 horas<\/strong> es la especialidad \u201cInstalaciones, reparaciones, montajes, estructuras met\u00e1licas, herrajes y carpinter\u00eda met\u00e1lica\u201d de la <strong>Acuerdo sobre metales<\/strong> para trabajos in situ. Rellene el <strong>Parte central (14 h)<\/strong> y es fundamental garantizar el acceso a la obra de acuerdo con el convenio colectivo nacional del sector. Trabajaremos en la <strong>prevenci\u00f3n de riesgos laborales<\/strong> aplicado a estructuras y perfiles met\u00e1licos: identificaci\u00f3n de <strong>riesgos espec\u00edficos<\/strong> (cortes, enredos, salientes, ca\u00eddas desde diferentes alturas), medidas preventivas y protocolos de trabajo seguro; selecci\u00f3n y uso de\u2019<strong>\u00cdndice de protecci\u00f3n equivalente<\/strong>; puesta a punto y uso seguro de\u2019<strong>Herramientas el\u00e9ctricas<\/strong>, equipos de <strong>soldadura y corte<\/strong>; orden y limpieza, <strong>se\u00f1alizaci\u00f3n<\/strong> en la manipulaci\u00f3n y el manejo de cargas. Metodolog\u00eda pr\u00e1ctica con casos reales y demostraciones. Impartido por Previntegral, <strong>Centro acreditado por la FLC<\/strong> (n.\u00ba 0505080031). Una vez completado, obtendr\u00e1 la certificaci\u00f3n v\u00e1lida en <strong>Sector metal\u00fargico y de la construcci\u00f3n<\/strong>, reconocido por las empresas y los contratistas y ajustado a los requisitos del convenio colectivo vigente.<\/p>","protected":false},"excerpt":{"rendered":"<p>Aquest curs presencial de 6 hores \u00e9s l\u2019especialitat \u201cInstal\u00b7lacions, reparacions, muntatges, estructures met\u00e0l\u00b7liques, serralleria i fusteria met\u00e0l\u00b7lica\u201d del Conveni del Metall per a treballs en obra. Completa la part troncal (14 h) i \u00e9s imprescindible per accedir amb garanties al centre de treball d\u2019obra de construcci\u00f3 segons el Conveni col\u00b7lectiu estatal del sector. Treballarem la [&hellip;]<\/p>\n","protected":false},"featured_media":7616,"comment_status":"open","ping_status":"closed","template":"","meta":{"_acf_changed":false},"product_brand":[],"product_cat":[52],"product_tag":[],"class_list":{"0":"post-7613","1":"product","2":"type-product","3":"status-publish","4":"has-post-thumbnail","6":"product_cat-metall-obra","8":"first","9":"instock","10":"virtual","11":"taxable","12":"purchasable","13":"product-type-curso"},"acf":[],"precio_regular_curso":150.04,"precio_bonificado_curso":157.3,"_links":{"self":[{"href":"https:\/\/previntegral.com\/es\/wp-json\/wp\/v2\/product\/7613","targetHints":{"allow":["GET"]}}],"collection":[{"href":"https:\/\/previntegral.com\/es\/wp-json\/wp\/v2\/product"}],"about":[{"href":"https:\/\/previntegral.com\/es\/wp-json\/wp\/v2\/types\/product"}],"replies":[{"embeddable":true,"href":"https:\/\/previntegral.com\/es\/wp-json\/wp\/v2\/comments?post=7613"}],"wp:featuredmedia":[{"embeddable":true,"href":"https:\/\/previntegral.com\/es\/wp-json\/wp\/v2\/media\/7616"}],"wp:attachment":[{"href":"https:\/\/previntegral.com\/es\/wp-json\/wp\/v2\/media?parent=7613"}],"wp:term":[{"taxonomy":"product_brand","embeddable":true,"href":"https:\/\/previntegral.com\/es\/wp-json\/wp\/v2\/product_brand?post=7613"},{"taxonomy":"product_cat","embeddable":true,"href":"https:\/\/previntegral.com\/es\/wp-json\/wp\/v2\/product_cat?post=7613"},{"taxonomy":"product_tag","embeddable":true,"href":"https:\/\/previntegral.com\/es\/wp-json\/wp\/v2\/product_tag?post=7613"}],"curies":[{"name":"WordPress","href":"https:\/\/api.w.org\/{rel}","templated":true}]}}