{"id":7620,"date":"2026-02-19T15:57:36","date_gmt":"2026-02-19T15:57:36","guid":{"rendered":"https:\/\/previntegral.com\/producto\/formacio-en-primers-auxilis-i-dea\/"},"modified":"2026-03-17T08:38:36","modified_gmt":"2026-03-17T08:38:36","slug":"formacion-en-primeros-auxilios-y-dea","status":"publish","type":"product","link":"https:\/\/previntegral.com\/es\/producto\/formacio-en-primers-auxilis-i-dea\/","title":{"rendered":"Formaci\u00f3n en primeros auxilios y uso de desfibriladores externos autom\u00e1ticos (DEA)"},"content":{"rendered":"<p>El curso \u201cFormaci\u00f3n en primeros auxilios y uso del desfibrilador externo autom\u00e1tico (DEA)\u201d te prepara para actuar con seguridad en caso de emergencias en el lugar de trabajo. Se trata de un curso de formaci\u00f3n. <strong>presencial<\/strong> De 4 horas, con un enfoque <strong>Te\u00f3rico-pr\u00e1ctico<\/strong> y la opci\u00f3n de impartirlo en la propia empresa, dise\u00f1ado para que cualquier trabajador pueda actuar de forma eficaz. Aprender\u00e1s a reconocer una emergencia, llamar al 112 y aplicar las <strong>Protocolo PAS<\/strong>. Practicar\u00e1s el <strong>RCP<\/strong> de un adulto y el uso de <strong>Administraci\u00f3n para el Control de Drogas<\/strong>, as\u00ed como maniobras b\u00e1sicas para casos de obstrucci\u00f3n de las v\u00edas respiratorias, hemorragias y p\u00e9rdida de conciencia, incluida la posici\u00f3n lateral de seguridad. Trabajaremos en la <strong>cadena de supervivencia<\/strong>, Organizaci\u00f3n de la intervenci\u00f3n y comunicaci\u00f3n con los servicios de emergencia, siguiendo criterios actualizados. No se requiere experiencia previa; el contenido se adapta a las necesidades de su sector y al convenio transversal sobre emergencias y primeros auxilios. Al finalizar, dispondr\u00e1 de unas directrices claras para prevenir riesgos, preparar el botiqu\u00edn de primeros auxilios e intervenir con seguridad ante una emergencia. <strong>paro cardiopulmonar<\/strong> o un accidente laboral.<\/p>","protected":false},"excerpt":{"rendered":"<p>El curs \u201cFormaci\u00f3 en Primers auxilis i DEA\u201d et prepara per actuar amb seguretat davant d\u2019emerg\u00e8ncies a l\u2019empresa. \u00c9s una formaci\u00f3 presencial de 4 hores, amb enfocament te\u00f2ric-pr\u00e0ctic i possibilitat de realitzar-se In Company, pensada perqu\u00e8 qualsevol treballador pugui respondre amb efic\u00e0cia. Aprendr\u00e0s a recon\u00e8ixer una urg\u00e8ncia, activar el 112 i aplicar el protocol PAS. [&hellip;]<\/p>\n","protected":false},"featured_media":7624,"comment_status":"open","ping_status":"closed","template":"","meta":{"_acf_changed":false},"product_brand":[],"product_cat":[70],"product_tag":[],"class_list":{"0":"post-7620","1":"product","2":"type-product","3":"status-publish","4":"has-post-thumbnail","6":"product_cat-emergencies-i-primers-auxilis","8":"first","9":"instock","10":"virtual","11":"taxable","12":"purchasable","13":"product-type-curso"},"acf":[],"precio_regular_curso":108.9,"precio_bonificado_curso":114.95,"_links":{"self":[{"href":"https:\/\/previntegral.com\/es\/wp-json\/wp\/v2\/product\/7620","targetHints":{"allow":["GET"]}}],"collection":[{"href":"https:\/\/previntegral.com\/es\/wp-json\/wp\/v2\/product"}],"about":[{"href":"https:\/\/previntegral.com\/es\/wp-json\/wp\/v2\/types\/product"}],"replies":[{"embeddable":true,"href":"https:\/\/previntegral.com\/es\/wp-json\/wp\/v2\/comments?post=7620"}],"wp:featuredmedia":[{"embeddable":true,"href":"https:\/\/previntegral.com\/es\/wp-json\/wp\/v2\/media\/7624"}],"wp:attachment":[{"href":"https:\/\/previntegral.com\/es\/wp-json\/wp\/v2\/media?parent=7620"}],"wp:term":[{"taxonomy":"product_brand","embeddable":true,"href":"https:\/\/previntegral.com\/es\/wp-json\/wp\/v2\/product_brand?post=7620"},{"taxonomy":"product_cat","embeddable":true,"href":"https:\/\/previntegral.com\/es\/wp-json\/wp\/v2\/product_cat?post=7620"},{"taxonomy":"product_tag","embeddable":true,"href":"https:\/\/previntegral.com\/es\/wp-json\/wp\/v2\/product_tag?post=7620"}],"curies":[{"name":"WordPress","href":"https:\/\/api.w.org\/{rel}","templated":true}]}}