{"id":7621,"date":"2026-02-19T15:57:39","date_gmt":"2026-02-19T15:57:39","guid":{"rendered":"https:\/\/previntegral.com\/producto\/formacio-per-equips-de-primera-intervencio\/"},"modified":"2026-02-20T10:31:24","modified_gmt":"2026-02-20T10:31:24","slug":"formacion-para-equipos-de-primera-intervencion","status":"publish","type":"product","link":"https:\/\/previntegral.com\/es\/producto\/formacio-per-equips-de-primera-intervencio\/","title":{"rendered":"Formaci\u00f3n para equipos de primera respuesta"},"content":{"rendered":"<p>Este curso <strong>presencial<\/strong> i <strong>Te\u00f3rico-pr\u00e1ctico<\/strong> Prepara a los equipos de primera intervenci\u00f3n (FIT) para que act\u00faen de forma segura y eficaz de acuerdo con las <strong>Plan de Autoprotecci\u00f3n (PAU)<\/strong>, de conformidad con la Ley 31\/1995, sobre prevenci\u00f3n de riesgos laborales. Dise\u00f1ado para el personal designado por la empresa, combina conocimientos y <strong>competencias operativas<\/strong> para gestionar incidentes y situaciones de emergencia, tanto parciales como a gran escala. Abarca la identificaci\u00f3n de situaciones, los protocolos de alarma y <strong>evacuaci\u00f3n<\/strong>, comunicaci\u00f3n interna, uso seguro de\u2019<strong>Extintores<\/strong> y el BIE, as\u00ed como las t\u00e9cnicas b\u00e1sicas de <strong>Primeros auxilios<\/strong> (SVB, control de hemorragias, inmovilizaciones), as\u00ed como la coordinaci\u00f3n con servicios externos. Incluye pr\u00e1cticas realistas y un <strong>farsa<\/strong> integrado para consolidar las competencias. El formato es 100% presencial, con la opci\u00f3n <strong>En la empresa<\/strong> para adaptar el contenido a los riesgos y al equipamiento reales del centro. La duraci\u00f3n habitual es <strong>9 de la ma\u00f1ana<\/strong>, con la posibilidad de adaptarlo en funci\u00f3n de las necesidades. Una vez completada la formaci\u00f3n, el personal estar\u00e1 capacitado para responder de forma r\u00e1pida y fiable, minimizando los da\u00f1os a las personas y los bienes dentro del marco transversal de\u2019<strong>Emergencias y primeros auxilios<\/strong>.<\/p>","protected":false},"excerpt":{"rendered":"<p>Aquest curs presencial i te\u00f2ric-pr\u00e0ctic prepara els Equips de Primera Intervenci\u00f3 (EPI) per actuar amb seguretat i efic\u00e0cia segons el Pla d\u2019Autoprotecci\u00f3 (PAU), d\u2019acord amb la Llei 31\/1995 de prevenci\u00f3 de riscos laborals. Dissenyat per al personal designat per l\u2019empresa, combina coneixements i habilitats operatives per gestionar conats, emerg\u00e8ncies parcials i generals. S\u2019hi treballen: identificaci\u00f3 [&hellip;]<\/p>\n","protected":false},"featured_media":7625,"comment_status":"open","ping_status":"closed","template":"","meta":{"_acf_changed":false},"product_brand":[],"product_cat":[70],"product_tag":[],"class_list":{"0":"post-7621","1":"product","2":"type-product","3":"status-publish","4":"has-post-thumbnail","6":"product_cat-emergencies-i-primers-auxilis","8":"first","9":"instock","10":"virtual","11":"taxable","12":"purchasable","13":"product-type-curso"},"acf":[],"precio_regular_curso":0,"precio_bonificado_curso":0,"_links":{"self":[{"href":"https:\/\/previntegral.com\/es\/wp-json\/wp\/v2\/product\/7621","targetHints":{"allow":["GET"]}}],"collection":[{"href":"https:\/\/previntegral.com\/es\/wp-json\/wp\/v2\/product"}],"about":[{"href":"https:\/\/previntegral.com\/es\/wp-json\/wp\/v2\/types\/product"}],"replies":[{"embeddable":true,"href":"https:\/\/previntegral.com\/es\/wp-json\/wp\/v2\/comments?post=7621"}],"wp:featuredmedia":[{"embeddable":true,"href":"https:\/\/previntegral.com\/es\/wp-json\/wp\/v2\/media\/7625"}],"wp:attachment":[{"href":"https:\/\/previntegral.com\/es\/wp-json\/wp\/v2\/media?parent=7621"}],"wp:term":[{"taxonomy":"product_brand","embeddable":true,"href":"https:\/\/previntegral.com\/es\/wp-json\/wp\/v2\/product_brand?post=7621"},{"taxonomy":"product_cat","embeddable":true,"href":"https:\/\/previntegral.com\/es\/wp-json\/wp\/v2\/product_cat?post=7621"},{"taxonomy":"product_tag","embeddable":true,"href":"https:\/\/previntegral.com\/es\/wp-json\/wp\/v2\/product_tag?post=7621"}],"curies":[{"name":"WordPress","href":"https:\/\/api.w.org\/{rel}","templated":true}]}}