{"id":7626,"date":"2026-02-19T15:58:05","date_gmt":"2026-02-19T15:58:05","guid":{"rendered":"https:\/\/previntegral.com\/producto\/formacio-basica-en-suport-vital-basic-i-us-del-desfibrillador-extern-automatic-dea\/"},"modified":"2026-02-20T10:31:25","modified_gmt":"2026-02-20T10:31:25","slug":"formacion-basica-en-soporte-vital-basico-y-en-el-uso-del-desfibrilador-externo-automatico-dea","status":"publish","type":"product","link":"https:\/\/previntegral.com\/es\/producto\/formacio-basica-en-suport-vital-basic-i-us-del-desfibrillador-extern-automatic-dea\/","title":{"rendered":"Formaci\u00f3n b\u00e1sica en soporte vital b\u00e1sico y uso del desfibrilador externo autom\u00e1tico (DEA)."},"content":{"rendered":"<p>La formaci\u00f3n b\u00e1sica en soporte vital b\u00e1sico y en el uso del desfibrilador externo autom\u00e1tico (DEA) es un curso <strong>te\u00f3rico-pr\u00e1ctico<\/strong> de <strong>6 horas<\/strong> en modal <strong>presencial<\/strong>, de conformidad con el Decreto 151\/2012 y dentro del \u00e1mbito de aplicaci\u00f3n de\u2019<strong>Emergencias y primeros auxilios<\/strong>. Con una metodolog\u00eda din\u00e1mica y participativa, ofrece el <strong>Conocimientos b\u00e1sicos<\/strong> identificar situaciones graves y actuar con seguridad siguiendo el protocolo <strong>Paso<\/strong>, dando inicio a un <strong>RCP<\/strong> de calidad y el uso correcto de <strong>Administraci\u00f3n para el Control de Drogas<\/strong> o semiautom\u00e1tico. La evaluaci\u00f3n inicial y el tratamiento de la\u2019<strong>Obstrucci\u00f3n de las v\u00edas respiratorias<\/strong>, hemorragias y p\u00e9rdida del conocimiento, as\u00ed como una comunicaci\u00f3n eficaz con el <strong>Marketing en buscadores<\/strong> para una activaci\u00f3n r\u00e1pida y precisa. Las causas m\u00e1s frecuentes de\u2019<strong>paro cardiopulmonar (PCP)<\/strong> y los pasos clave para ganar tiempo hasta que llegue la ayuda. Dise\u00f1ado para personas interesadas y para trabajadores de cualquier sector, el curso ofrece <strong>competencias<\/strong> de aplicaci\u00f3n inmediata en el lugar de trabajo y en la vida cotidiana, lo que aumenta la seguridad y la capacidad de respuesta ante situaciones de emergencia reales.<\/p>","protected":false},"excerpt":{"rendered":"<p>La Formaci\u00f3 b\u00e0sica en suport vital b\u00e0sic i \u00fas del desfibril\u00b7lador extern autom\u00e0tic (DEA) \u00e9s un curs teoricopr\u00e0ctic de 6 hores en modalitat presencial, alineat amb el Decret 151\/2012 i emmarcat en l\u2019\u00e0mbit d\u2019emerg\u00e8ncies i primers auxilis. Amb una metodologia din\u00e0mica i participativa, proporciona les habilitats b\u00e0siques per identificar situacions greus i actuar amb seguretat [&hellip;]<\/p>\n","protected":false},"featured_media":7628,"comment_status":"open","ping_status":"closed","template":"","meta":{"_acf_changed":false},"product_brand":[],"product_cat":[70],"product_tag":[],"class_list":{"0":"post-7626","1":"product","2":"type-product","3":"status-publish","4":"has-post-thumbnail","6":"product_cat-emergencies-i-primers-auxilis","8":"first","9":"instock","10":"virtual","11":"taxable","12":"purchasable","13":"product-type-curso"},"acf":[],"precio_regular_curso":0,"precio_bonificado_curso":0,"_links":{"self":[{"href":"https:\/\/previntegral.com\/es\/wp-json\/wp\/v2\/product\/7626","targetHints":{"allow":["GET"]}}],"collection":[{"href":"https:\/\/previntegral.com\/es\/wp-json\/wp\/v2\/product"}],"about":[{"href":"https:\/\/previntegral.com\/es\/wp-json\/wp\/v2\/types\/product"}],"replies":[{"embeddable":true,"href":"https:\/\/previntegral.com\/es\/wp-json\/wp\/v2\/comments?post=7626"}],"wp:featuredmedia":[{"embeddable":true,"href":"https:\/\/previntegral.com\/es\/wp-json\/wp\/v2\/media\/7628"}],"wp:attachment":[{"href":"https:\/\/previntegral.com\/es\/wp-json\/wp\/v2\/media?parent=7626"}],"wp:term":[{"taxonomy":"product_brand","embeddable":true,"href":"https:\/\/previntegral.com\/es\/wp-json\/wp\/v2\/product_brand?post=7626"},{"taxonomy":"product_cat","embeddable":true,"href":"https:\/\/previntegral.com\/es\/wp-json\/wp\/v2\/product_cat?post=7626"},{"taxonomy":"product_tag","embeddable":true,"href":"https:\/\/previntegral.com\/es\/wp-json\/wp\/v2\/product_tag?post=7626"}],"curies":[{"name":"WordPress","href":"https:\/\/api.w.org\/{rel}","templated":true}]}}