{"id":7629,"date":"2026-02-19T15:58:14","date_gmt":"2026-02-19T15:58:14","guid":{"rendered":"https:\/\/previntegral.com\/producto\/formacio-en-lus-era-equip-de-respiracio-autonom\/"},"modified":"2026-02-20T10:31:25","modified_gmt":"2026-02-20T10:31:25","slug":"el-equipo-de-entrenamiento-era-un-equipo-de-respiracion-autonomo","status":"publish","type":"product","link":"https:\/\/previntegral.com\/es\/producto\/formacio-en-lus-era-equip-de-respiracio-autonom\/","title":{"rendered":"Formaci\u00f3n en el uso de un ERA (aparato de respiraci\u00f3n aut\u00f3nomo)"},"content":{"rendered":"<p>Formaci\u00f3n intensiva de 5 horas, 100% <strong>presencial<\/strong>, que combina un enfoque <strong>te\u00f3rico-pr\u00e1ctico<\/strong> con simulaciones realistas para dominar el uso del <strong>Aparato respiratorio aut\u00f3nomo (ARA)<\/strong>. Los componentes y la comprobaci\u00f3n del equipo (botella, regulador, m\u00e1scara, man\u00f3metro y alarma), los procedimientos seguros para ponerse y quitarse el equipo, el <strong>Gesti\u00f3n del consumo de aire<\/strong> y la se\u00f1alizaci\u00f3n. A trav\u00e9s de ejercicios guiados en <strong>Espacios confinados<\/strong>, incendios e incidentes con <strong>sustancias peligrosas<\/strong>, Los alumnos consolidan sus habilidades en movimientos con poca visibilidad, orientaci\u00f3n en trabajos de acceso con cuerdas, trabajo en pareja y comunicaci\u00f3n en entornos ruidosos. Reforzan los protocolos operativos, la evaluaci\u00f3n de riesgos y <strong>toma de decisiones<\/strong> bajo presi\u00f3n, as\u00ed como los criterios de parada de seguridad, la evacuaci\u00f3n y los procedimientos b\u00e1sicos de rescate. Tambi\u00e9n se tratan el mantenimiento, la desinfecci\u00f3n y el almacenamiento del equipo, as\u00ed como su integraci\u00f3n con otros sistemas. <strong>\u00cdndice de protecci\u00f3n equivalente<\/strong>. Dirigido a personal con poca o ninguna experiencia y a equipos de alarma, evacuaci\u00f3n e intervenci\u00f3n, el curso proporciona seguridad en la actuaci\u00f3n y criterios claros para actuar con seguridad en situaciones de emergencia.<\/p>","protected":false},"excerpt":{"rendered":"<p>Formaci\u00f3 intensiva de 5 hores, 100% presencial, que combina un enfocament teoricopr\u00e0ctic amb simulacres realistes per dominar l\u2019\u00fas dels equips de respiraci\u00f3 aut\u00f2noma (ERA). Es treballen els components i verificacions de l\u2019equip (cilindre, regulador, m\u00e0scara, man\u00f2metre i alarma), els procediments de col\u00b7locaci\u00f3 i retirada segura, la gesti\u00f3 del consum d\u2019aire i la senyalitzaci\u00f3. Mitjan\u00e7ant pr\u00e0ctiques [&hellip;]<\/p>\n","protected":false},"featured_media":7633,"comment_status":"open","ping_status":"closed","template":"","meta":{"_acf_changed":false},"product_brand":[],"product_cat":[70],"product_tag":[],"class_list":{"0":"post-7629","1":"product","2":"type-product","3":"status-publish","4":"has-post-thumbnail","6":"product_cat-emergencies-i-primers-auxilis","8":"first","9":"instock","10":"virtual","11":"taxable","12":"purchasable","13":"product-type-curso"},"acf":[],"precio_regular_curso":0,"precio_bonificado_curso":0,"_links":{"self":[{"href":"https:\/\/previntegral.com\/es\/wp-json\/wp\/v2\/product\/7629","targetHints":{"allow":["GET"]}}],"collection":[{"href":"https:\/\/previntegral.com\/es\/wp-json\/wp\/v2\/product"}],"about":[{"href":"https:\/\/previntegral.com\/es\/wp-json\/wp\/v2\/types\/product"}],"replies":[{"embeddable":true,"href":"https:\/\/previntegral.com\/es\/wp-json\/wp\/v2\/comments?post=7629"}],"wp:featuredmedia":[{"embeddable":true,"href":"https:\/\/previntegral.com\/es\/wp-json\/wp\/v2\/media\/7633"}],"wp:attachment":[{"href":"https:\/\/previntegral.com\/es\/wp-json\/wp\/v2\/media?parent=7629"}],"wp:term":[{"taxonomy":"product_brand","embeddable":true,"href":"https:\/\/previntegral.com\/es\/wp-json\/wp\/v2\/product_brand?post=7629"},{"taxonomy":"product_cat","embeddable":true,"href":"https:\/\/previntegral.com\/es\/wp-json\/wp\/v2\/product_cat?post=7629"},{"taxonomy":"product_tag","embeddable":true,"href":"https:\/\/previntegral.com\/es\/wp-json\/wp\/v2\/product_tag?post=7629"}],"curies":[{"name":"WordPress","href":"https:\/\/api.w.org\/{rel}","templated":true}]}}