{"id":7630,"date":"2026-02-19T15:58:17","date_gmt":"2026-02-19T15:58:17","guid":{"rendered":"https:\/\/previntegral.com\/producto\/formacio-en-emergencies-prevencio-dincendis\/"},"modified":"2026-02-20T10:31:25","modified_gmt":"2026-02-20T10:31:25","slug":"formacion-en-situaciones-de-emergencia-y-prevencion-de-incendios","status":"publish","type":"product","link":"https:\/\/previntegral.com\/es\/producto\/formacio-en-emergencies-prevencio-dincendis\/","title":{"rendered":"Formaci\u00f3n en emergencias: prevenci\u00f3n de incendios"},"content":{"rendered":"<p>Este curso <strong>presencial<\/strong> de <strong>5 horas<\/strong> Permite al personal prevenir y gestionar <strong>Emergencias<\/strong> relacionado con <strong>incendios<\/strong>, centr\u00e1ndose en <strong>Te\u00f3rico-pr\u00e1ctico<\/strong> Muy completo. Abarca el uso seguro de\u2019<strong>Extintores<\/strong> (la elecci\u00f3n del agente y la t\u00e9cnica adecuados), la identificaci\u00f3n de los tipos de incendios y las medidas iniciales, as\u00ed como la <strong>protocolos de evacuaci\u00f3n<\/strong>, la comunicaci\u00f3n de alertas y la organizaci\u00f3n en los puntos de encuentro. A trav\u00e9s de <strong>simulacros<\/strong> Bajo supervisi\u00f3n y en entornos controlados, los participantes practican funciones clave, como la <strong>Coordinador de emergencias<\/strong>\u2014 y mejorar la respuesta colectiva. Incluye conceptos b\u00e1sicos de asistencia inmediata hasta que llegue la ayuda especializada, de conformidad con el Convenio Transversal de\u2019<strong>Emergencias y primeros auxilios<\/strong>. La formaci\u00f3n se puede impartir <strong>En la empresa<\/strong> para adaptar el contenido a los riesgos y las instalaciones reales de la empresa. Aunque est\u00e1 concebido para una duraci\u00f3n de cinco horas, tanto la duraci\u00f3n como el formato pueden ajustarse para satisfacer requisitos espec\u00edficos. La formaci\u00f3n se imparte exclusivamente de forma presencial (no est\u00e1 disponible en l\u00ednea).<\/p>","protected":false},"excerpt":{"rendered":"<p>Aquest curs presencial de 5 hores capacita la plantilla per prevenir i gestionar emerg\u00e8ncies vinculades a incendis, amb un enfocament te\u00f2ric-pr\u00e0ctic molt aplicat. S\u2019hi treballa l\u2019\u00fas segur d\u2019extintors (elecci\u00f3 de l\u2019agent i t\u00e8cnica correcta), la identificaci\u00f3 de les classes de foc i les actuacions inicials, aix\u00ed com els protocols d\u2019evacuaci\u00f3, la comunicaci\u00f3 d\u2019alertes i l\u2019organitzaci\u00f3 [&hellip;]<\/p>\n","protected":false},"featured_media":7634,"comment_status":"open","ping_status":"closed","template":"","meta":{"_acf_changed":false},"product_brand":[],"product_cat":[70],"product_tag":[],"class_list":{"0":"post-7630","1":"product","2":"type-product","3":"status-publish","4":"has-post-thumbnail","6":"product_cat-emergencies-i-primers-auxilis","8":"first","9":"instock","10":"virtual","11":"taxable","12":"purchasable","13":"product-type-curso"},"acf":[],"precio_regular_curso":0,"precio_bonificado_curso":0,"_links":{"self":[{"href":"https:\/\/previntegral.com\/es\/wp-json\/wp\/v2\/product\/7630","targetHints":{"allow":["GET"]}}],"collection":[{"href":"https:\/\/previntegral.com\/es\/wp-json\/wp\/v2\/product"}],"about":[{"href":"https:\/\/previntegral.com\/es\/wp-json\/wp\/v2\/types\/product"}],"replies":[{"embeddable":true,"href":"https:\/\/previntegral.com\/es\/wp-json\/wp\/v2\/comments?post=7630"}],"wp:featuredmedia":[{"embeddable":true,"href":"https:\/\/previntegral.com\/es\/wp-json\/wp\/v2\/media\/7634"}],"wp:attachment":[{"href":"https:\/\/previntegral.com\/es\/wp-json\/wp\/v2\/media?parent=7630"}],"wp:term":[{"taxonomy":"product_brand","embeddable":true,"href":"https:\/\/previntegral.com\/es\/wp-json\/wp\/v2\/product_brand?post=7630"},{"taxonomy":"product_cat","embeddable":true,"href":"https:\/\/previntegral.com\/es\/wp-json\/wp\/v2\/product_cat?post=7630"},{"taxonomy":"product_tag","embeddable":true,"href":"https:\/\/previntegral.com\/es\/wp-json\/wp\/v2\/product_tag?post=7630"}],"curies":[{"name":"WordPress","href":"https:\/\/api.w.org\/{rel}","templated":true}]}}