{"id":7635,"date":"2026-02-19T15:58:56","date_gmt":"2026-02-19T15:58:56","guid":{"rendered":"https:\/\/previntegral.com\/producto\/curs-de-seguretat-de-treballs-en-alcada\/"},"modified":"2026-03-16T18:32:35","modified_gmt":"2026-03-16T18:32:35","slug":"curso-sobre-seguridad-en-trabajos-en-altura","status":"publish","type":"product","link":"https:\/\/previntegral.com\/es\/producto\/curs-de-seguretat-de-treballs-en-alcada\/","title":{"rendered":"Curso sobre seguridad para trabajos en altura"},"content":{"rendered":"<p>Este curso, enmarcado dentro del Acuerdo Transversal de Prevenci\u00f3n de Riesgos, proporciona formaci\u00f3n preventiva para realizar trabajos en altura de forma segura, de conformidad con el art\u00edculo 19 de la Ley 31\/1995. <strong>Modo presencial<\/strong> (con una opci\u00f3n dentro de la empresa) y con un enfoque <strong>Te\u00f3rico-pr\u00e1ctico<\/strong>, Recreamos las situaciones m\u00e1s comunes de manera controlada para que los alumnos consoliden habilidades del mundo real. La duraci\u00f3n habitual es <strong>Ocho horas<\/strong> (adaptable a 6 u 8 segundos, seg\u00fan sea necesario) y se recomienda un curso de actualizaci\u00f3n de 4 horas cada 4 a\u00f1os. Abarca el <strong>Planificaci\u00f3n del trabajo en altura<\/strong>, la identificaci\u00f3n de riesgos y causas de accidentes, la <strong>medidas preventivas<\/strong> y el uso seguro de\u2019<strong>\u00cdndice de protecci\u00f3n equivalente<\/strong>, as\u00ed como buenas pr\u00e1cticas para escaleras, andamios y plataformas m\u00f3viles motorizadas (PEMP), y directrices para la respuesta ante emergencias y el rescate b\u00e1sico. Dirigido a profesionales que trabajan en tejados o superficies con riesgo de ca\u00eddas, el curso tambi\u00e9n se puede impartir con <a href=\"https:\/\/drive.google.com\/file\/d\/1wYMS-m0a8_c1kd1r6tRJXzleZJ66qa7U\/view?usp=drive_link\" target=\"_blank\" rel=\"noopener\">unidad m\u00f3vil de formaci\u00f3n<\/a> para facilitar la pr\u00e1ctica en el lugar de trabajo.<\/p>","protected":false},"excerpt":{"rendered":"<p>Aquest curs, emmarcat en el conveni Transversal de Prevenci\u00f3 de riscos, proporciona formaci\u00f3 preventiva per realitzar amb seguretat els treballs en al\u00e7ada d\u2019acord amb l\u2019article 19 de la Llei 31\/1995. En modalitat presencial (amb opci\u00f3 In Company) i amb enfocament te\u00f2ric-pr\u00e0ctic, recreem de manera controlada les situacions m\u00e9s habituals perqu\u00e8 l\u2019alumnat consolidi compet\u00e8ncies reals. La [&hellip;]<\/p>\n","protected":false},"featured_media":7637,"comment_status":"open","ping_status":"closed","template":"","meta":{"_acf_changed":false},"product_brand":[],"product_cat":[72],"product_tag":[],"class_list":{"0":"post-7635","1":"product","2":"type-product","3":"status-publish","4":"has-post-thumbnail","6":"product_cat-transversal-prevencio-de-riscos","8":"first","9":"instock","10":"virtual","11":"taxable","12":"purchasable","13":"product-type-curso"},"acf":[],"precio_regular_curso":278.3,"precio_bonificado_curso":292.82,"_links":{"self":[{"href":"https:\/\/previntegral.com\/es\/wp-json\/wp\/v2\/product\/7635","targetHints":{"allow":["GET"]}}],"collection":[{"href":"https:\/\/previntegral.com\/es\/wp-json\/wp\/v2\/product"}],"about":[{"href":"https:\/\/previntegral.com\/es\/wp-json\/wp\/v2\/types\/product"}],"replies":[{"embeddable":true,"href":"https:\/\/previntegral.com\/es\/wp-json\/wp\/v2\/comments?post=7635"}],"wp:featuredmedia":[{"embeddable":true,"href":"https:\/\/previntegral.com\/es\/wp-json\/wp\/v2\/media\/7637"}],"wp:attachment":[{"href":"https:\/\/previntegral.com\/es\/wp-json\/wp\/v2\/media?parent=7635"}],"wp:term":[{"taxonomy":"product_brand","embeddable":true,"href":"https:\/\/previntegral.com\/es\/wp-json\/wp\/v2\/product_brand?post=7635"},{"taxonomy":"product_cat","embeddable":true,"href":"https:\/\/previntegral.com\/es\/wp-json\/wp\/v2\/product_cat?post=7635"},{"taxonomy":"product_tag","embeddable":true,"href":"https:\/\/previntegral.com\/es\/wp-json\/wp\/v2\/product_tag?post=7635"}],"curies":[{"name":"WordPress","href":"https:\/\/api.w.org\/{rel}","templated":true}]}}