{"id":7638,"date":"2026-02-19T15:59:23","date_gmt":"2026-02-19T15:59:23","guid":{"rendered":"https:\/\/previntegral.com\/producto\/curs-de-seguretat-en-treballs-en-espais-confinats\/"},"modified":"2026-03-16T18:32:35","modified_gmt":"2026-03-16T18:32:35","slug":"curso-sobre-seguridad-en-espacios-confinados","status":"publish","type":"product","link":"https:\/\/previntegral.com\/es\/producto\/curs-de-seguretat-en-treballs-en-espais-confinats\/","title":{"rendered":"Curso sobre seguridad en espacios confinados"},"content":{"rendered":"<p>Este curso describe y analiza los procedimientos de seguridad necesarios para entrar y trabajar en <strong>Espacios confinados<\/strong> de todo tipo. A trav\u00e9s de simulaciones de la vida real en espacios generados artificialmente, los alumnos practican la verificaci\u00f3n atmosf\u00e9rica, la ventilaci\u00f3n y las maniobras de rescate utilizando un tr\u00edpode de rescate y equipo de descenso, aparatos de respiraci\u00f3n aut\u00f3nomos y semiaut\u00f3nomos, equipo de rescate, sistemas de ventilaci\u00f3n\/extracci\u00f3n y detectores de cuatro gases. La formaci\u00f3n es <strong>presencial<\/strong> i <strong>Te\u00f3rico-pr\u00e1ctico<\/strong>, con una duraci\u00f3n habitual de <strong>Ocho horas<\/strong> (adaptable a 6 u 8 segundos seg\u00fan sea necesario). Dirigido a los trabajadores que operan en estos entornos, proporciona los criterios para identificar espacios, reconocer riesgos y causas de accidentes, aplicar medidas preventivas y actuar con seguridad en situaciones de emergencia. Disponible en formato modular. <strong>En la empresa<\/strong> y con <strong>unidad m\u00f3vil de formaci\u00f3n<\/strong> para entregarlo en sus instalaciones. Como parte del acuerdo transversal de prevenci\u00f3n de riesgos, se recomienda realizar un curso de actualizaci\u00f3n cada cuatro a\u00f1os (4 horas) para mantener al d\u00eda las habilidades y competencias.<\/p>","protected":false},"excerpt":{"rendered":"<p>Aquest curs descriu i analitza els procediments de seguretat necessaris per entrar i treballar en espais confinats de tot tipus. Mitjan\u00e7ant simulacions reals en espais generats artificialment, l\u2019alumnat practica verificaci\u00f3 atmosf\u00e8rica, ventilaci\u00f3 i maniobres de rescat amb tr\u00edpode de rescat i descens, equips de respiraci\u00f3 aut\u00f2noms i semiaut\u00f2noms, equips de rescat, sistemes de ventilaci\u00f3\/extracci\u00f3 i [&hellip;]<\/p>\n","protected":false},"featured_media":7640,"comment_status":"open","ping_status":"closed","template":"","meta":{"_acf_changed":false},"product_brand":[],"product_cat":[72],"product_tag":[],"class_list":{"0":"post-7638","1":"product","2":"type-product","3":"status-publish","4":"has-post-thumbnail","6":"product_cat-transversal-prevencio-de-riscos","8":"first","9":"instock","10":"virtual","11":"taxable","12":"purchasable","13":"product-type-curso"},"acf":[],"precio_regular_curso":278.3,"precio_bonificado_curso":292.82,"_links":{"self":[{"href":"https:\/\/previntegral.com\/es\/wp-json\/wp\/v2\/product\/7638","targetHints":{"allow":["GET"]}}],"collection":[{"href":"https:\/\/previntegral.com\/es\/wp-json\/wp\/v2\/product"}],"about":[{"href":"https:\/\/previntegral.com\/es\/wp-json\/wp\/v2\/types\/product"}],"replies":[{"embeddable":true,"href":"https:\/\/previntegral.com\/es\/wp-json\/wp\/v2\/comments?post=7638"}],"wp:featuredmedia":[{"embeddable":true,"href":"https:\/\/previntegral.com\/es\/wp-json\/wp\/v2\/media\/7640"}],"wp:attachment":[{"href":"https:\/\/previntegral.com\/es\/wp-json\/wp\/v2\/media?parent=7638"}],"wp:term":[{"taxonomy":"product_brand","embeddable":true,"href":"https:\/\/previntegral.com\/es\/wp-json\/wp\/v2\/product_brand?post=7638"},{"taxonomy":"product_cat","embeddable":true,"href":"https:\/\/previntegral.com\/es\/wp-json\/wp\/v2\/product_cat?post=7638"},{"taxonomy":"product_tag","embeddable":true,"href":"https:\/\/previntegral.com\/es\/wp-json\/wp\/v2\/product_tag?post=7638"}],"curies":[{"name":"WordPress","href":"https:\/\/api.w.org\/{rel}","templated":true}]}}