{"id":7641,"date":"2026-02-19T15:59:54","date_gmt":"2026-02-19T15:59:54","guid":{"rendered":"https:\/\/previntegral.com\/producto\/curs-de-seguretat-de-treballs-en-atmosfera-atex\/"},"modified":"2026-03-16T18:32:36","modified_gmt":"2026-03-16T18:32:36","slug":"curso-sobre-seguridad-para-trabajar-en-atmosferas-atex","status":"publish","type":"product","link":"https:\/\/previntegral.com\/es\/producto\/curs-de-seguretat-de-treballs-en-atmosfera-atex\/","title":{"rendered":"Curso sobre seguridad para trabajar en atm\u00f3sferas ATEX"},"content":{"rendered":"<p>Este curso proporciona la formaci\u00f3n esencial para trabajar de forma segura en <strong>Atm\u00f3sferas explosivas (ATEX)<\/strong>, de conformidad con el\u2019<strong>Art\u00edculo 19 de la Ley 31\/1995<\/strong> y el\u2019<strong>RD 681\/2003<\/strong>. En <strong>Modo presencial<\/strong> (con opci\u00f3n <strong>En la empresa<\/strong>) y centrarse <strong>Te\u00f3rico-pr\u00e1ctico<\/strong>, combina conceptos clave con ejercicios y casos de la vida real. La duraci\u00f3n es <strong>Ocho horas<\/strong> (normalmente 6 u 8, adaptable seg\u00fan las necesidades). Los alumnos aprender\u00e1n a identificar <strong>Fuentes de ignici\u00f3n<\/strong>, analizar situaciones de riesgo, clasificar <strong>Zonas ATEX<\/strong> y aplicar <strong>medidas preventivas<\/strong> eficaces, incluyendo ventilaci\u00f3n, conexi\u00f3n a tierra, control de la electricidad est\u00e1tica y selecci\u00f3n de\u2019<strong>equipos y EPI<\/strong> adecuadas (etiquetado y categor\u00edas). Se abordar\u00e1n los procedimientos de trabajo seguros y <strong>permisos de trabajo<\/strong>, as\u00ed como la preparaci\u00f3n para emergencias, la se\u00f1alizaci\u00f3n y las buenas pr\u00e1cticas de inspecci\u00f3n y mantenimiento. El curso garantiza conocimientos inmediatamente aplicables en sectores con polvo, vapores o gases inflamables, reforzando la cultura de <strong>prevenci\u00f3n de riesgos<\/strong> y el cumplimiento normativo de la empresa.<\/p>","protected":false},"excerpt":{"rendered":"<p>Aquest curs proporciona formaci\u00f3 essencial per treballar amb seguretat en atmosferes explosives (ATEX), d\u2019acord amb l\u2019article 19 de la Llei 31\/1995 i l\u2019RD 681\/2003. En modalitat presencial (amb opci\u00f3 In Company) i enfocament te\u00f2ric-pr\u00e0ctic, combina conceptes clau amb exercicis i casos reals. La durada \u00e9s de 8 hores (habitualment 6 o 8, adaptables segons necessitats). [&hellip;]<\/p>\n","protected":false},"featured_media":7643,"comment_status":"open","ping_status":"closed","template":"","meta":{"_acf_changed":false},"product_brand":[],"product_cat":[72],"product_tag":[],"class_list":{"0":"post-7641","1":"product","2":"type-product","3":"status-publish","4":"has-post-thumbnail","6":"product_cat-transversal-prevencio-de-riscos","8":"first","9":"instock","10":"virtual","11":"taxable","12":"purchasable","13":"product-type-curso"},"acf":[],"precio_regular_curso":278.3,"precio_bonificado_curso":292.82,"_links":{"self":[{"href":"https:\/\/previntegral.com\/es\/wp-json\/wp\/v2\/product\/7641","targetHints":{"allow":["GET"]}}],"collection":[{"href":"https:\/\/previntegral.com\/es\/wp-json\/wp\/v2\/product"}],"about":[{"href":"https:\/\/previntegral.com\/es\/wp-json\/wp\/v2\/types\/product"}],"replies":[{"embeddable":true,"href":"https:\/\/previntegral.com\/es\/wp-json\/wp\/v2\/comments?post=7641"}],"wp:featuredmedia":[{"embeddable":true,"href":"https:\/\/previntegral.com\/es\/wp-json\/wp\/v2\/media\/7643"}],"wp:attachment":[{"href":"https:\/\/previntegral.com\/es\/wp-json\/wp\/v2\/media?parent=7641"}],"wp:term":[{"taxonomy":"product_brand","embeddable":true,"href":"https:\/\/previntegral.com\/es\/wp-json\/wp\/v2\/product_brand?post=7641"},{"taxonomy":"product_cat","embeddable":true,"href":"https:\/\/previntegral.com\/es\/wp-json\/wp\/v2\/product_cat?post=7641"},{"taxonomy":"product_tag","embeddable":true,"href":"https:\/\/previntegral.com\/es\/wp-json\/wp\/v2\/product_tag?post=7641"}],"curies":[{"name":"WordPress","href":"https:\/\/api.w.org\/{rel}","templated":true}]}}