{"id":7644,"date":"2026-02-19T16:00:37","date_gmt":"2026-02-19T16:00:37","guid":{"rendered":"https:\/\/previntegral.com\/producto\/curs-nivell-basic-rd-39-97-30-hores\/"},"modified":"2026-03-16T18:32:36","modified_gmt":"2026-03-16T18:32:36","slug":"curso-de-nivel-basico-rd-39-97-30-horas","status":"publish","type":"product","link":"https:\/\/previntegral.com\/es\/producto\/curs-nivell-basic-rd-39-97-30-hores\/","title":{"rendered":"Curso de nivel b\u00e1sico RD 39\/97 (30 horas)"},"content":{"rendered":"<p>El Curso B\u00e1sico RD 39\/97 (30 horas) te ofrece una formaci\u00f3n pr\u00e1ctica y rigurosa para asumir el <strong>Funciones b\u00e1sicas<\/strong> en Prevenci\u00f3n de Riesgos Laborales, de conformidad con la\u2019<strong>Anexo IV del Real Decreto 39\/1997<\/strong> y el <strong>Ley 31\/1995<\/strong>. En <strong>Modo en l\u00ednea<\/strong> (30 horas), puedes avanzar a tu propio ritmo con contenido actualizado vinculado al convenio colectivo. <strong>Transversal de prevenci\u00f3n de riesgos<\/strong>. Trabajar\u00e1s en el <strong>competencias<\/strong> esencial para identificar y evaluar riesgos, proponer <strong>medidas preventivas<\/strong>, para colaborar en el <strong>planificaci\u00f3n preventiva<\/strong> y la gesti\u00f3n de <strong>documentaci\u00f3n<\/strong> (evaluaciones, planes, registros), as\u00ed como la coordinaci\u00f3n de actividades y la comunicaci\u00f3n segura en el lugar de trabajo. El programa incluye los principios b\u00e1sicos de <strong>seguridad y salud<\/strong>, uso de\u2019<strong>\u00cdndice de protecci\u00f3n equivalente<\/strong>, se\u00f1alizaci\u00f3n, <strong>Emergencias y primeros auxilios<\/strong> y la investigaci\u00f3n de incidentes, para que puedas apoyar eficazmente tu servicio de prevenci\u00f3n. Ideal para trabajadores, jefes de equipo y empresas que necesitan una base s\u00f3lida para <strong>supervisar<\/strong> o implementar medidas preventivas con buen criterio y conocimientos t\u00e9cnicos.<\/p>","protected":false},"excerpt":{"rendered":"<p>El Curs nivell b\u00e0sic RD 39\/97 (30 hores) t\u2019ofereix una formaci\u00f3 pr\u00e0ctica i rigorosa per assumir les funcions de nivell b\u00e0sic en Prevenci\u00f3 de Riscos Laborals, d\u2019acord amb l\u2019Annex IV del RD 39\/1997 i la Llei 31\/1995. En modalitat online (30 h), podr\u00e0s avan\u00e7ar al teu ritme amb continguts actualitzats vinculats al conveni Transversal de [&hellip;]<\/p>\n","protected":false},"featured_media":7646,"comment_status":"open","ping_status":"closed","template":"","meta":{"_acf_changed":false},"product_brand":[],"product_cat":[72],"product_tag":[],"class_list":{"0":"post-7644","1":"product","2":"type-product","3":"status-publish","4":"has-post-thumbnail","6":"product_cat-transversal-prevencio-de-riscos","8":"first","9":"instock","10":"virtual","11":"taxable","12":"purchasable","13":"product-type-curso"},"acf":[],"precio_regular_curso":235.95,"precio_bonificado_curso":242,"_links":{"self":[{"href":"https:\/\/previntegral.com\/es\/wp-json\/wp\/v2\/product\/7644","targetHints":{"allow":["GET"]}}],"collection":[{"href":"https:\/\/previntegral.com\/es\/wp-json\/wp\/v2\/product"}],"about":[{"href":"https:\/\/previntegral.com\/es\/wp-json\/wp\/v2\/types\/product"}],"replies":[{"embeddable":true,"href":"https:\/\/previntegral.com\/es\/wp-json\/wp\/v2\/comments?post=7644"}],"wp:featuredmedia":[{"embeddable":true,"href":"https:\/\/previntegral.com\/es\/wp-json\/wp\/v2\/media\/7646"}],"wp:attachment":[{"href":"https:\/\/previntegral.com\/es\/wp-json\/wp\/v2\/media?parent=7644"}],"wp:term":[{"taxonomy":"product_brand","embeddable":true,"href":"https:\/\/previntegral.com\/es\/wp-json\/wp\/v2\/product_brand?post=7644"},{"taxonomy":"product_cat","embeddable":true,"href":"https:\/\/previntegral.com\/es\/wp-json\/wp\/v2\/product_cat?post=7644"},{"taxonomy":"product_tag","embeddable":true,"href":"https:\/\/previntegral.com\/es\/wp-json\/wp\/v2\/product_tag?post=7644"}],"curies":[{"name":"WordPress","href":"https:\/\/api.w.org\/{rel}","templated":true}]}}