{"id":7647,"date":"2026-02-19T16:01:22","date_gmt":"2026-02-19T16:01:22","guid":{"rendered":"https:\/\/previntegral.com\/producto\/curs-nivell-basic-rd-39-97-50-hores\/"},"modified":"2026-03-16T18:32:36","modified_gmt":"2026-03-16T18:32:36","slug":"curso-de-nivel-basico-rd-39-97-50-horas","status":"publish","type":"product","link":"https:\/\/previntegral.com\/es\/producto\/curs-nivell-basic-rd-39-97-50-hores\/","title":{"rendered":"Curso de nivel b\u00e1sico RD 39\/97 (50 horas)"},"content":{"rendered":"<p>El curso de nivel b\u00e1sico RD 39\/97 (50 horas) te prepara para asumir las funciones de <strong>Nivel b\u00e1sico en prevenci\u00f3n de riesgos laborales<\/strong> de conformidad con el\u2019<strong>Anexo IV del Real Decreto 39\/1997<\/strong> y la Ley 31\/1995. En <strong>Modo online (aprendizaje a distancia)<\/strong> y con una duraci\u00f3n de <strong>50 horas<\/strong>, Combina contenido pr\u00e1ctico y recursos interactivos para que puedas aprender con flexibilidad y con el apoyo de un tutor. Trabajar\u00e1s en los fundamentos de <strong>gesti\u00f3n preventiva<\/strong>: identificaci\u00f3n de riesgos, medidas correctivas, <strong>planificaci\u00f3n de actividades preventivas<\/strong>, uso de\u2019<strong>\u00cdndice de protecci\u00f3n equivalente<\/strong>, se\u00f1alizaci\u00f3n, control de documentos, investigaci\u00f3n de incidentes, <strong>Emergencias y primeros auxilios b\u00e1sicos<\/strong>, as\u00ed como nociones de <strong>Coordinaci\u00f3n de actividades empresariales<\/strong> y una comunicaci\u00f3n segura. A trav\u00e9s de casos reales y evaluaciones progresivas, desarrollar\u00e1s la <strong>competencias<\/strong> i <strong>habilidades<\/strong> necesario colaborar eficazmente con el servicio de prevenci\u00f3n y promover una cultura preventiva dentro de la empresa. Al finalizar, podr\u00e1s desempe\u00f1ar las funciones asignadas al responsable b\u00e1sico de Seguridad y Salud Laboral, de acuerdo con el <strong>Acuerdo transversal sobre prevenci\u00f3n de riesgos<\/strong>.<\/p>","protected":false},"excerpt":{"rendered":"<p>El Curs nivell b\u00e0sic RD 39\/97 (50 hores) et prepara per assumir, amb garanties, les funcions de nivell b\u00e0sic en prevenci\u00f3 de riscos laborals d\u2019acord amb l\u2019Annex IV del RD 39\/1997 i la Llei 31\/1995. En modalitat online (teleformaci\u00f3) i amb una durada de 50 hores, combina continguts pr\u00e0ctics i recursos interactius perqu\u00e8 puguis aprendre [&hellip;]<\/p>\n","protected":false},"featured_media":7649,"comment_status":"open","ping_status":"closed","template":"","meta":{"_acf_changed":false},"product_brand":[],"product_cat":[72],"product_tag":[],"class_list":{"0":"post-7647","1":"product","2":"type-product","3":"status-publish","4":"has-post-thumbnail","6":"product_cat-transversal-prevencio-de-riscos","8":"first","9":"instock","10":"virtual","11":"taxable","12":"purchasable","13":"product-type-curso"},"acf":[],"precio_regular_curso":296.45,"precio_bonificado_curso":302.5,"_links":{"self":[{"href":"https:\/\/previntegral.com\/es\/wp-json\/wp\/v2\/product\/7647","targetHints":{"allow":["GET"]}}],"collection":[{"href":"https:\/\/previntegral.com\/es\/wp-json\/wp\/v2\/product"}],"about":[{"href":"https:\/\/previntegral.com\/es\/wp-json\/wp\/v2\/types\/product"}],"replies":[{"embeddable":true,"href":"https:\/\/previntegral.com\/es\/wp-json\/wp\/v2\/comments?post=7647"}],"wp:featuredmedia":[{"embeddable":true,"href":"https:\/\/previntegral.com\/es\/wp-json\/wp\/v2\/media\/7649"}],"wp:attachment":[{"href":"https:\/\/previntegral.com\/es\/wp-json\/wp\/v2\/media?parent=7647"}],"wp:term":[{"taxonomy":"product_brand","embeddable":true,"href":"https:\/\/previntegral.com\/es\/wp-json\/wp\/v2\/product_brand?post=7647"},{"taxonomy":"product_cat","embeddable":true,"href":"https:\/\/previntegral.com\/es\/wp-json\/wp\/v2\/product_cat?post=7647"},{"taxonomy":"product_tag","embeddable":true,"href":"https:\/\/previntegral.com\/es\/wp-json\/wp\/v2\/product_tag?post=7647"}],"curies":[{"name":"WordPress","href":"https:\/\/api.w.org\/{rel}","templated":true}]}}