{"id":7650,"date":"2026-02-19T16:03:04","date_gmt":"2026-02-19T16:03:04","guid":{"rendered":"https:\/\/previntegral.com\/producto\/curs-de-seguretat-treballs-loto-lock-out-tagout\/"},"modified":"2026-02-20T10:31:25","modified_gmt":"2026-02-20T10:31:25","slug":"curso-de-seguridad-sobre-bloqueo-y-etiquetado","status":"publish","type":"product","link":"https:\/\/previntegral.com\/es\/producto\/curs-de-seguretat-treballs-loto-lock-out-tagout\/","title":{"rendered":"Curso de seguridad: Trabajo LOTO (bloqueo y etiquetado)"},"content":{"rendered":"<p>El curso de seguridad: trabajo LOTO (Lock Out\/Tag Out), vinculado al Acuerdo Transversal de Prevenci\u00f3n de Riesgos, proporciona a los equipos de mantenimiento la formaci\u00f3n necesaria para realizar con seguridad las tareas que requieren el <strong>desenergizaci\u00f3n<\/strong> de instalaciones mediante <strong>env\u00edo<\/strong>. En <strong>Modo presencial<\/strong> (con la opci\u00f3n \u00abEn la empresa\u00bb) y centrarse <strong>te\u00f3rico<\/strong>, el programa\u2014de <strong>6 horas<\/strong>\u2014 aborda el marco jur\u00eddico (art\u00edculo 19 de la Ley 31\/1995) y los pasos clave del <strong>Bloqueo\/Etiquetado<\/strong>Identificar las fuentes de energ\u00eda (el\u00e9ctrica, neum\u00e1tica, hidr\u00e1ulica, t\u00e9rmica o gravedad) y seleccionarlas y aplicarlas. <strong>dispositivos de bloqueo<\/strong> (cerraduras, bloqueadores de v\u00e1lvulas e interruptores) y verificar el estado de \u201cenerg\u00eda cero\u201d. Tambi\u00e9n se aborda la gesti\u00f3n esencial de documentos: hojas de bloqueo, instrucciones y <strong>permisos de trabajo<\/strong>. Dirigido a empresas que desean implementar o mejorar el procedimiento para consignar m\u00e1quinas e instalaciones que se someten a intervenciones fuera del funcionamiento normal (mantenimiento, reparaci\u00f3n, modificaciones o pruebas), el curso refuerza el control de riesgos y evita arranques inesperados. Formato no disponible en l\u00ednea.<\/p>","protected":false},"excerpt":{"rendered":"<p>El Curs de seguretat: treballs LOTO (LOCK OUT\/TAGOUT), vinculat al conveni Transversal de Prevenci\u00f3 de Riscos, dota els equips de manteniment de la formaci\u00f3 necess\u00e0ria per executar amb seguretat tasques que requereixen la desenergitzaci\u00f3 d\u2019instal\u00b7lacions mitjan\u00e7ant consignaci\u00f3. En modalitat presencial (amb opci\u00f3 In Company) i enfocament te\u00f2ric, el programa \u2014de 6 hores\u2014 tracta el marc [&hellip;]<\/p>\n","protected":false},"featured_media":7652,"comment_status":"open","ping_status":"closed","template":"","meta":{"_acf_changed":false},"product_brand":[],"product_cat":[72],"product_tag":[],"class_list":{"0":"post-7650","1":"product","2":"type-product","3":"status-publish","4":"has-post-thumbnail","6":"product_cat-transversal-prevencio-de-riscos","8":"first","9":"instock","10":"virtual","11":"taxable","12":"purchasable","13":"product-type-curso"},"acf":[],"precio_regular_curso":0,"precio_bonificado_curso":0,"_links":{"self":[{"href":"https:\/\/previntegral.com\/es\/wp-json\/wp\/v2\/product\/7650","targetHints":{"allow":["GET"]}}],"collection":[{"href":"https:\/\/previntegral.com\/es\/wp-json\/wp\/v2\/product"}],"about":[{"href":"https:\/\/previntegral.com\/es\/wp-json\/wp\/v2\/types\/product"}],"replies":[{"embeddable":true,"href":"https:\/\/previntegral.com\/es\/wp-json\/wp\/v2\/comments?post=7650"}],"wp:featuredmedia":[{"embeddable":true,"href":"https:\/\/previntegral.com\/es\/wp-json\/wp\/v2\/media\/7652"}],"wp:attachment":[{"href":"https:\/\/previntegral.com\/es\/wp-json\/wp\/v2\/media?parent=7650"}],"wp:term":[{"taxonomy":"product_brand","embeddable":true,"href":"https:\/\/previntegral.com\/es\/wp-json\/wp\/v2\/product_brand?post=7650"},{"taxonomy":"product_cat","embeddable":true,"href":"https:\/\/previntegral.com\/es\/wp-json\/wp\/v2\/product_cat?post=7650"},{"taxonomy":"product_tag","embeddable":true,"href":"https:\/\/previntegral.com\/es\/wp-json\/wp\/v2\/product_tag?post=7650"}],"curies":[{"name":"WordPress","href":"https:\/\/api.w.org\/{rel}","templated":true}]}}