{"id":7961,"date":"2026-03-12T16:55:51","date_gmt":"2026-03-12T16:55:51","guid":{"rendered":"https:\/\/previntegral.com\/?post_type=product&#038;p=7961"},"modified":"2026-03-24T08:06:24","modified_gmt":"2026-03-24T08:06:24","slug":"manipulacion-de-alimentos","status":"publish","type":"product","link":"https:\/\/previntegral.com\/es\/producto\/manipulacio-daliments\/","title":{"rendered":"Manipulaci\u00f3n de alimentos"},"content":{"rendered":"<div class=\"flex flex-col text-sm pb-25\">\n<article class=\"text-token-text-primary w-full focus:outline-none [--shadow-height:45px] has-data-writing-block:pointer-events-none has-data-writing-block:-mt-(--shadow-height) has-data-writing-block:pt-(--shadow-height) [&amp;:has([data-writing-block])&gt;*]:pointer-events-auto scroll-mt-[calc(var(--header-height)+min(200px,max(70px,20svh)))]\" dir=\"auto\" data-turn-id=\"request-WEB:83d709e3-c481-4426-8200-039a40ff6c11-8\" data-testid=\"conversation-turn-18\" data-scroll-anchor=\"true\" data-turn=\"assistant\">\n<div class=\"text-base my-auto mx-auto pb-10 [--thread-content-margin:var(--thread-content-margin-xs,calc(var(--spacing)*4))] @w-sm\/main:[--thread-content-margin:var(--thread-content-margin-sm,calc(var(--spacing)*6))] @w-lg\/main:[--thread-content-margin:var(--thread-content-margin-lg,calc(var(--spacing)*16))] px-(--thread-content-margin)\">\n<div class=\"[--thread-content-max-width:40rem] @w-lg\/main:[--thread-content-max-width:48rem] mx-auto max-w-(--thread-content-max-width) flex-1 group\/turn-messages focus-visible:outline-hidden relative flex w-full min-w-0 flex-col agent-turn\">\n<div class=\"flex max-w-full flex-col gap-4 grow\">\n<div class=\"min-h-8 text-message relative flex w-full flex-col items-end gap-2 text-start break-words whitespace-normal [.text-message+&amp;]:mt-1\" dir=\"auto\" data-message-author-role=\"assistant\" data-message-id=\"ec765ede-cf60-4142-987e-921eab98e65d\" data-message-model-slug=\"gpt-5-3\">\n<div class=\"flex w-full flex-col gap-1 empty:hidden\">\n<div class=\"markdown prose dark:prose-invert w-full wrap-break-word light markdown-new-styling\">\n<p data-start=\"0\" data-end=\"683\" data-is-last-node=\"\" data-is-only-node=\"\">La manipulaci\u00f3 correcta dels aliments \u00e9s essencial per garantir la seguretat aliment\u00e0ria i protegir la salut dels consumidors. Aquest curs proporciona els coneixements b\u00e0sics sobre els riscos associats a la manipulaci\u00f3 d\u2019aliments, les malalties de transmissi\u00f3 aliment\u00e0ria i les principals fonts de contaminaci\u00f3. Tamb\u00e9 aborda les mesures d\u2019higiene i prevenci\u00f3 que cal aplicar durant la manipulaci\u00f3, conservaci\u00f3 i preparaci\u00f3 dels aliments, aix\u00ed com la responsabilitat dels manipuladors i la identificaci\u00f3 dels principals al\u00b7l\u00e8rgens i intoler\u00e0ncies aliment\u00e0ries, d\u2019acord amb el que estableix el <strong data-start=\"592\" data-end=\"619\">Reglament (CE) 852\/2004<\/strong>, que regula els requisits d\u2019higiene dels productes alimentaris.<\/p>\n<\/div>\n<\/div>\n<\/div>\n<\/div>\n<div class=\"z-0 flex min-h-[46px] justify-start\"><\/div>\n<div class=\"mt-3 w-full empty:hidden\">\n<div class=\"text-center\"><\/div>\n<\/div>\n<\/div>\n<\/div>\n<\/article>\n<\/div>\n<div class=\"pointer-events-none h-px w-px absolute bottom-0\" aria-hidden=\"true\" data-edge=\"true\"><\/div>\n","protected":false},"excerpt":{"rendered":"<p>La manipulaci\u00f3 correcta dels aliments \u00e9s essencial per garantir la seguretat aliment\u00e0ria i protegir la salut dels consumidors. Aquest curs proporciona els coneixements b\u00e0sics sobre els riscos associats a la manipulaci\u00f3 d\u2019aliments, les malalties de transmissi\u00f3 aliment\u00e0ria i les principals fonts de contaminaci\u00f3. Tamb\u00e9 aborda les mesures d\u2019higiene i prevenci\u00f3 que cal aplicar durant la [&hellip;]<\/p>\n","protected":false},"featured_media":7963,"comment_status":"open","ping_status":"closed","template":"","meta":{"_acf_changed":false},"product_brand":[],"product_cat":[67],"product_tag":[],"class_list":{"0":"post-7961","1":"product","2":"type-product","3":"status-publish","4":"has-post-thumbnail","6":"product_cat-alimentacio-i-hosteleria","8":"first","9":"instock","10":"virtual","11":"taxable","12":"purchasable","13":"product-type-curso"},"acf":[],"precio_regular_curso":90.75,"precio_bonificado_curso":96.8,"_links":{"self":[{"href":"https:\/\/previntegral.com\/es\/wp-json\/wp\/v2\/product\/7961","targetHints":{"allow":["GET"]}}],"collection":[{"href":"https:\/\/previntegral.com\/es\/wp-json\/wp\/v2\/product"}],"about":[{"href":"https:\/\/previntegral.com\/es\/wp-json\/wp\/v2\/types\/product"}],"replies":[{"embeddable":true,"href":"https:\/\/previntegral.com\/es\/wp-json\/wp\/v2\/comments?post=7961"}],"wp:featuredmedia":[{"embeddable":true,"href":"https:\/\/previntegral.com\/es\/wp-json\/wp\/v2\/media\/7963"}],"wp:attachment":[{"href":"https:\/\/previntegral.com\/es\/wp-json\/wp\/v2\/media?parent=7961"}],"wp:term":[{"taxonomy":"product_brand","embeddable":true,"href":"https:\/\/previntegral.com\/es\/wp-json\/wp\/v2\/product_brand?post=7961"},{"taxonomy":"product_cat","embeddable":true,"href":"https:\/\/previntegral.com\/es\/wp-json\/wp\/v2\/product_cat?post=7961"},{"taxonomy":"product_tag","embeddable":true,"href":"https:\/\/previntegral.com\/es\/wp-json\/wp\/v2\/product_tag?post=7961"}],"curies":[{"name":"WordPress","href":"https:\/\/api.w.org\/{rel}","templated":true}]}}